{"id":384,"date":"2025-05-06T14:18:30","date_gmt":"2025-05-06T14:18:30","guid":{"rendered":"https:\/\/www.mvpplumbingjoplin.com\/?page_id=384"},"modified":"2025-05-06T14:36:16","modified_gmt":"2025-05-06T14:36:16","slug":"water-softeners","status":"publish","type":"page","link":"https:\/\/www.mvpplumbingjoplin.com\/es\/water-softeners\/","title":{"rendered":"Suavizadores de agua"},"content":{"rendered":"<div data-elementor-type=\"wp-page\" data-elementor-id=\"384\" class=\"elementor elementor-384\" data-elementor-post-type=\"page\">\n\t\t\t\t\t\t<section class=\"elementor-section elementor-top-section elementor-element elementor-element-8dcd1a2 elementor-section-boxed elementor-section-height-default elementor-section-height-default\" data-id=\"8dcd1a2\" data-element_type=\"section\" data-e-type=\"section\" data-settings=\"{&quot;background_background&quot;:&quot;classic&quot;}\">\n\t\t\t\t\t\t\t<div class=\"elementor-background-overlay\"><\/div>\n\t\t\t\t\t\t\t<div class=\"elementor-container elementor-column-gap-default\">\n\t\t\t\t\t<div class=\"elementor-column elementor-col-100 elementor-top-column elementor-element elementor-element-32b75f5\" data-id=\"32b75f5\" data-element_type=\"column\" data-e-type=\"column\">\n\t\t\t<div class=\"elementor-widget-wrap elementor-element-populated\">\n\t\t\t\t\t\t<div class=\"elementor-element elementor-element-2fcda32 elementor-widget elementor-widget-heading\" data-id=\"2fcda32\" data-element_type=\"widget\" data-e-type=\"widget\" data-widget_type=\"heading.default\">\n\t\t\t\t<div class=\"elementor-widget-container\">\n\t\t\t\t\t<h1 class=\"elementor-heading-title elementor-size-default\">SERVICIOS DE ABLANDADORES DE AGUA<\/h1>\t\t\t\t<\/div>\n\t\t\t\t<\/div>\n\t\t\t\t\t<\/div>\n\t\t<\/div>\n\t\t\t\t\t<\/div>\n\t\t<\/section>\n\t\t\t\t<section class=\"elementor-section elementor-top-section elementor-element elementor-element-bed9dd5 elementor-section-full_width elementor-section-content-middle elementor-section-height-default elementor-section-height-default\" data-id=\"bed9dd5\" data-element_type=\"section\" data-e-type=\"section\" data-settings=\"{&quot;background_background&quot;:&quot;classic&quot;}\">\n\t\t\t\t\t\t<div class=\"elementor-container elementor-column-gap-no\">\n\t\t\t\t\t<div class=\"elementor-column elementor-col-50 elementor-top-column elementor-element elementor-element-45a0778\" data-id=\"45a0778\" data-element_type=\"column\" data-e-type=\"column\" data-settings=\"{&quot;background_background&quot;:&quot;classic&quot;}\">\n\t\t\t<div class=\"elementor-widget-wrap elementor-element-populated\">\n\t\t\t\t\t\t<div class=\"elementor-element elementor-element-145f5bd elementor-widget elementor-widget-spacer\" data-id=\"145f5bd\" data-element_type=\"widget\" data-e-type=\"widget\" data-widget_type=\"spacer.default\">\n\t\t\t\t<div class=\"elementor-widget-container\">\n\t\t\t\t\t\t\t<div class=\"elementor-spacer\">\n\t\t\t<div class=\"elementor-spacer-inner\"><\/div>\n\t\t<\/div>\n\t\t\t\t\t\t<\/div>\n\t\t\t\t<\/div>\n\t\t\t\t\t<\/div>\n\t\t<\/div>\n\t\t\t\t<div class=\"elementor-column elementor-col-50 elementor-top-column elementor-element elementor-element-45463c2\" data-id=\"45463c2\" data-element_type=\"column\" data-e-type=\"column\">\n\t\t\t<div class=\"elementor-widget-wrap elementor-element-populated\">\n\t\t\t\t\t\t<div class=\"elementor-element elementor-element-400d043 elementor-widget elementor-widget-heading\" data-id=\"400d043\" data-element_type=\"widget\" data-e-type=\"widget\" data-widget_type=\"heading.default\">\n\t\t\t\t<div class=\"elementor-widget-container\">\n\t\t\t\t\t<h2 class=\"elementor-heading-title elementor-size-default\">Servicios profesionales de ablandamiento de agua por MVP Plumbing LLC<\/h2>\t\t\t\t<\/div>\n\t\t\t\t<\/div>\n\t\t\t\t<div class=\"elementor-element elementor-element-934d996 elementor-widget elementor-widget-text-editor\" data-id=\"934d996\" data-element_type=\"widget\" data-e-type=\"widget\" data-widget_type=\"text-editor.default\">\n\t\t\t\t<div class=\"elementor-widget-container\">\n\t\t\t\t\t\t\t\t\t<p>El agua dura puede causar numerosos problemas dom\u00e9sticos, desde la acumulaci\u00f3n de minerales en las tuber\u00edas hasta la piel seca y la ropa opaca. MVP Plumbing LLC ofrece soluciones integrales de descalcificaci\u00f3n de agua para solucionar estos problemas, garantizando as\u00ed que el agua de su hogar sea limpia, suave y segura.<\/p>\t\t\t\t\t\t\t\t<\/div>\n\t\t\t\t<\/div>\n\t\t\t\t<div class=\"elementor-element elementor-element-b3af459 elementor-widget elementor-widget-heading\" data-id=\"b3af459\" data-element_type=\"widget\" data-e-type=\"widget\" data-widget_type=\"heading.default\">\n\t\t\t\t<div class=\"elementor-widget-container\">\n\t\t\t\t\t<h3 class=\"elementor-heading-title elementor-size-default\">Experimente la calidad con MVP Plumbing<\/h3>\t\t\t\t<\/div>\n\t\t\t\t<\/div>\n\t\t\t\t<div class=\"elementor-element elementor-element-d288b8e elementor-widget elementor-widget-text-editor\" data-id=\"d288b8e\" data-element_type=\"widget\" data-e-type=\"widget\" data-widget_type=\"text-editor.default\">\n\t\t\t\t<div class=\"elementor-widget-container\">\n\t\t\t\t\t\t\t\t\t<ul><li><strong>T\u00e9cnicos experimentados:<\/strong> Nuestro equipo cuenta con una amplia experiencia en el manejo de diversos sistemas de descalcificaci\u00f3n de agua.<\/li><li><strong>Enfoque centrado en el cliente:<\/strong> Priorizamos su satisfacci\u00f3n, ofreciendo soluciones personalizadas y precios transparentes.<\/li><li><strong>Servicio r\u00e1pido:<\/strong> Tiempos de respuesta r\u00e1pidos para abordar sus necesidades de ablandamiento de agua sin demora.<\/li><li><strong>Servicios integrales de plomer\u00eda:<\/strong> M\u00e1s all\u00e1 de los suavizadores de agua, ofrecemos una gama completa de servicios de plomer\u00eda para mantener los sistemas de su hogar funcionando sin problemas.<\/li><\/ul>\t\t\t\t\t\t\t\t<\/div>\n\t\t\t\t<\/div>\n\t\t\t\t\t<\/div>\n\t\t<\/div>\n\t\t\t\t\t<\/div>\n\t\t<\/section>\n\t\t\t\t<section class=\"elementor-section elementor-top-section elementor-element elementor-element-773ddba elementor-section-full_width elementor-section-height-default elementor-section-height-default\" data-id=\"773ddba\" data-element_type=\"section\" data-e-type=\"section\" data-settings=\"{&quot;background_background&quot;:&quot;classic&quot;}\">\n\t\t\t\t\t\t<div class=\"elementor-container elementor-column-gap-default\">\n\t\t\t\t\t<div class=\"elementor-column elementor-col-50 elementor-top-column elementor-element elementor-element-e4dcb1b\" data-id=\"e4dcb1b\" data-element_type=\"column\" data-e-type=\"column\">\n\t\t\t<div class=\"elementor-widget-wrap elementor-element-populated\">\n\t\t\t\t\t\t<div class=\"elementor-element elementor-element-a09efe6 elementor-widget elementor-widget-heading\" data-id=\"a09efe6\" data-element_type=\"widget\" data-e-type=\"widget\" data-widget_type=\"heading.default\">\n\t\t\t\t<div class=\"elementor-widget-container\">\n\t\t\t\t\t<h3 class=\"elementor-heading-title elementor-size-default\">Nuestro suavizador de agua<br>Los servicios incluyen:<\/h3>\t\t\t\t<\/div>\n\t\t\t\t<\/div>\n\t\t\t\t<div class=\"elementor-element elementor-element-44ea8a9 elementor-widget__width-initial elementor-widget elementor-widget-text-editor\" data-id=\"44ea8a9\" data-element_type=\"widget\" data-e-type=\"widget\" data-widget_type=\"text-editor.default\">\n\t\t\t\t<div class=\"elementor-widget-container\">\n\t\t\t\t\t\t\t\t\t<ul data-pos=\"1306\"><li data-pos=\"1306\"><strong data-pos=\"1310\">Instalaci\u00f3n:<\/strong>\u00a0Instalaci\u00f3n profesional de sistemas de descalcificaci\u00f3n de agua de alta calidad adaptados a las necesidades de su hogar.<\/li><li data-pos=\"1416\"><strong data-pos=\"1420\">Reparar:<\/strong>\u00a0Reparaciones oportunas para restaurar la eficiencia de sus unidades suavizadoras de agua existentes.<\/li><li data-pos=\"1510\"><strong data-pos=\"1514\">Mantenimiento:<\/strong>\u00a0Revisiones y mantenimiento regulares para prolongar la vida \u00fatil de su sistema.<\/li><li data-pos=\"1601\"><strong data-pos=\"1605\">Consulta:<\/strong> Asesoramiento de expertos para seleccionar el suavizador de agua adecuado seg\u00fan su consumo de agua y sus niveles de dureza.<\/li><\/ul>\t\t\t\t\t\t\t\t<\/div>\n\t\t\t\t<\/div>\n\t\t\t\t\t<\/div>\n\t\t<\/div>\n\t\t\t\t<div class=\"elementor-column elementor-col-50 elementor-top-column elementor-element elementor-element-ad822f4\" data-id=\"ad822f4\" data-element_type=\"column\" data-e-type=\"column\" data-settings=\"{&quot;background_background&quot;:&quot;classic&quot;}\">\n\t\t\t<div class=\"elementor-widget-wrap elementor-element-populated\">\n\t\t\t\t\t\t<div class=\"elementor-element elementor-element-6aa9203 elementor-widget elementor-widget-heading\" data-id=\"6aa9203\" data-element_type=\"widget\" data-e-type=\"widget\" data-widget_type=\"heading.default\">\n\t\t\t\t<div class=\"elementor-widget-container\">\n\t\t\t\t\t<h6 class=\"elementor-heading-title elementor-size-default\">CON LICENCIA\n<br>\nGARANTIZADO<br>\nASEGURADO<\/h6>\t\t\t\t<\/div>\n\t\t\t\t<\/div>\n\t\t\t\t\t<\/div>\n\t\t<\/div>\n\t\t\t\t\t<\/div>\n\t\t<\/section>\n\t\t\t\t<section class=\"elementor-section elementor-top-section elementor-element elementor-element-15b22a6 elementor-section-full_width elementor-section-height-default elementor-section-height-default\" data-id=\"15b22a6\" data-element_type=\"section\" data-e-type=\"section\" data-settings=\"{&quot;background_background&quot;:&quot;classic&quot;}\">\n\t\t\t\t\t\t<div class=\"elementor-container elementor-column-gap-default\">\n\t\t\t\t\t<div class=\"elementor-column elementor-col-100 elementor-top-column elementor-element elementor-element-9079296\" data-id=\"9079296\" data-element_type=\"column\" data-e-type=\"column\">\n\t\t\t<div class=\"elementor-widget-wrap elementor-element-populated\">\n\t\t\t\t\t\t<div class=\"elementor-element elementor-element-febc4cf elementor-widget elementor-widget-heading\" data-id=\"febc4cf\" data-element_type=\"widget\" data-e-type=\"widget\" data-widget_type=\"heading.default\">\n\t\t\t\t<div class=\"elementor-widget-container\">\n\t\t\t\t\t<h4 class=\"elementor-heading-title elementor-size-default\">Beneficios de un suavizador de agua<\/h4>\t\t\t\t<\/div>\n\t\t\t\t<\/div>\n\t\t\t\t<div class=\"elementor-element elementor-element-fc47032 elementor-widget__width-initial elementor-widget elementor-widget-text-editor\" data-id=\"fc47032\" data-element_type=\"widget\" data-e-type=\"widget\" data-widget_type=\"text-editor.default\">\n\t\t\t\t<div class=\"elementor-widget-container\">\n\t\t\t\t\t\t\t\t\t<p data-pos=\"917\">Instalar un descalcificador de agua en su hogar ofrece una amplia gama de beneficios a largo plazo que van m\u00e1s all\u00e1 de un agua m\u00e1s limpia. As\u00ed es como puede mejorar su vida diaria:<\/p>\t\t\t\t\t\t\t\t<\/div>\n\t\t\t\t<\/div>\n\t\t\t\t<div class=\"elementor-element elementor-element-dd95011 elementor-widget__width-initial elementor-widget elementor-widget-text-editor\" data-id=\"dd95011\" data-element_type=\"widget\" data-e-type=\"widget\" data-widget_type=\"text-editor.default\">\n\t\t\t\t<div class=\"elementor-widget-container\">\n\t\t\t\t\t\t\t\t\t<ul data-pos=\"2033\"><li data-pos=\"2033\"><strong data-pos=\"2037\">Protege su plomer\u00eda<\/strong><br data-pos=\"2064\" \/>Al reducir la acumulaci\u00f3n de minerales (sarro) en tuber\u00edas, accesorios y electrodom\u00e9sticos, los suavizadores de agua ayudan a prevenir obstrucciones y costosas reparaciones de plomer\u00eda.<\/li><li data-pos=\"2200\"><strong data-pos=\"2204\">Prolonga la vida \u00fatil del electrodom\u00e9stico<\/strong><br data-pos=\"2235\" \/>El agua blanda reduce el desgaste de los calentadores de agua, lavavajillas y lavadoras, ayud\u00e1ndolos a funcionar de manera m\u00e1s eficiente y durar m\u00e1s.<\/li><li data-pos=\"2372\"><strong data-pos=\"2376\">Piel y cabello m\u00e1s suaves<\/strong><br data-pos=\"2401\" \/>El agua dura puede causar sequedad e irritaci\u00f3n. Un suavizante de agua ayuda a dejar la piel m\u00e1s suave y el cabello m\u00e1s brillante despu\u00e9s de la ducha.<\/li><li data-pos=\"2531\"><strong data-pos=\"2535\">Platos y ropa m\u00e1s limpios<\/strong><br data-pos=\"2566\" \/>El agua blanda permite que los jabones y detergentes act\u00faen de forma m\u00e1s eficaz, dando como resultado platos impecables y prendas m\u00e1s suaves y brillantes.<\/li><\/ul>\t\t\t\t\t\t\t\t<\/div>\n\t\t\t\t<\/div>\n\t\t\t\t<div class=\"elementor-element elementor-element-6486d51 elementor-widget__width-initial elementor-widget elementor-widget-text-editor\" data-id=\"6486d51\" data-element_type=\"widget\" data-e-type=\"widget\" data-widget_type=\"text-editor.default\">\n\t\t\t\t<div class=\"elementor-widget-container\">\n\t\t\t\t\t\t\t\t\t<h2 id=\"contact-us-today\" tabindex=\"-1\" data-pos=\"2694\">Cont\u00e1ctenos hoy<\/h2>\t\t\t\t\t\t\t\t<\/div>\n\t\t\t\t<\/div>\n\t\t\t\t<div class=\"elementor-element elementor-element-8375a4c elementor-widget__width-initial elementor-widget elementor-widget-text-editor\" data-id=\"8375a4c\" data-element_type=\"widget\" data-e-type=\"widget\" data-widget_type=\"text-editor.default\">\n\t\t\t\t<div class=\"elementor-widget-container\">\n\t\t\t\t\t\t\t\t\t<p>\u00bfEst\u00e1 listo para mejorar la calidad del agua de su hogar? <strong>Comun\u00edquese con MVP Plumbing LLC al (310) 961-1431 para obtener servicios de ablandamiento de agua de primer nivel.<\/strong> Nuestro equipo est\u00e1 listo para ayudarle a disfrutar de un agua m\u00e1s limpia y suave con soluciones confiables de instalaci\u00f3n, reparaci\u00f3n y mantenimiento adaptadas a sus necesidades.<\/p>\t\t\t\t\t\t\t\t<\/div>\n\t\t\t\t<\/div>\n\t\t\t\t\t<\/div>\n\t\t<\/div>\n\t\t\t\t\t<\/div>\n\t\t<\/section>\n\t\t\t\t<\/div>","protected":false},"excerpt":{"rendered":"<p>WATER SOFTENER SERVICES Professional Water Softener Services by MVP Plumbing LLC Hard water can lead to numerous household issues, from mineral buildup in pipes to dry skin and dull laundry. MVP Plumbing LLC offers comprehensive water softener solutions to address these problems, ensuring your home&#8217;s water is clean, soft, and safe.\u200b Experience Quality with MVP [&hellip;]<\/p>\n","protected":false},"author":11,"featured_media":0,"parent":0,"menu_order":0,"comment_status":"closed","ping_status":"closed","template":"","meta":{"footnotes":""},"class_list":["post-384","page","type-page","status-publish","hentry"],"yoast_head":"<!-- This site is optimized with the Yoast SEO plugin v27.3 - https:\/\/yoast.com\/product\/yoast-seo-wordpress\/ -->\n<title>Water Softeners - MVP Plumbing LLC<\/title>\n<meta name=\"description\" content=\"Experience the benefits of soft water with MVP Plumbing&#039;s expert water softener installation and repair services. Enhance your home&#039;s water quality today.\u200b\" \/>\n<meta name=\"robots\" content=\"index, follow, max-snippet:-1, max-image-preview:large, max-video-preview:-1\" \/>\n<link rel=\"canonical\" href=\"https:\/\/www.mvpplumbingjoplin.com\/es\/water-softeners\/\" \/>\n<meta property=\"og:locale\" content=\"es_MX\" \/>\n<meta property=\"og:type\" content=\"article\" \/>\n<meta property=\"og:title\" content=\"Water Softeners - MVP Plumbing LLC\" \/>\n<meta property=\"og:description\" content=\"Experience the benefits of soft water with MVP Plumbing&#039;s expert water softener installation and repair services. Enhance your home&#039;s water quality today.\u200b\" \/>\n<meta property=\"og:url\" content=\"https:\/\/www.mvpplumbingjoplin.com\/es\/water-softeners\/\" \/>\n<meta property=\"og:site_name\" content=\"MVP Plumbing LLC\" \/>\n<meta property=\"article:modified_time\" content=\"2025-05-06T14:36:16+00:00\" \/>\n<meta name=\"twitter:card\" content=\"summary_large_image\" \/>\n<meta name=\"twitter:label1\" content=\"Tiempo de lectura\" \/>\n\t<meta name=\"twitter:data1\" content=\"2 minutos\" \/>\n<script type=\"application\/ld+json\" class=\"yoast-schema-graph\">{\"@context\":\"https:\\\/\\\/schema.org\",\"@graph\":[{\"@type\":\"WebPage\",\"@id\":\"https:\\\/\\\/www.mvpplumbingjoplin.com\\\/water-softeners\\\/\",\"url\":\"https:\\\/\\\/www.mvpplumbingjoplin.com\\\/water-softeners\\\/\",\"name\":\"Water Softeners - MVP Plumbing LLC\",\"isPartOf\":{\"@id\":\"https:\\\/\\\/www.mvpplumbingjoplin.com\\\/#website\"},\"datePublished\":\"2025-05-06T14:18:30+00:00\",\"dateModified\":\"2025-05-06T14:36:16+00:00\",\"description\":\"Experience the benefits of soft water with MVP Plumbing's expert water softener installation and repair services. Enhance your home's water quality today.\u200b\",\"breadcrumb\":{\"@id\":\"https:\\\/\\\/www.mvpplumbingjoplin.com\\\/water-softeners\\\/#breadcrumb\"},\"inLanguage\":\"es\",\"potentialAction\":[{\"@type\":\"ReadAction\",\"target\":[\"https:\\\/\\\/www.mvpplumbingjoplin.com\\\/water-softeners\\\/\"]}]},{\"@type\":\"BreadcrumbList\",\"@id\":\"https:\\\/\\\/www.mvpplumbingjoplin.com\\\/water-softeners\\\/#breadcrumb\",\"itemListElement\":[{\"@type\":\"ListItem\",\"position\":1,\"name\":\"Home\",\"item\":\"https:\\\/\\\/www.mvpplumbingjoplin.com\\\/\"},{\"@type\":\"ListItem\",\"position\":2,\"name\":\"Water Softeners\"}]},{\"@type\":\"WebSite\",\"@id\":\"https:\\\/\\\/www.mvpplumbingjoplin.com\\\/#website\",\"url\":\"https:\\\/\\\/www.mvpplumbingjoplin.com\\\/\",\"name\":\"MVP Plumbing LLC\",\"description\":\"Plumbing Services Where You Are The MVP!\",\"publisher\":{\"@id\":\"https:\\\/\\\/www.mvpplumbingjoplin.com\\\/#organization\"},\"potentialAction\":[{\"@type\":\"SearchAction\",\"target\":{\"@type\":\"EntryPoint\",\"urlTemplate\":\"https:\\\/\\\/www.mvpplumbingjoplin.com\\\/?s={search_term_string}\"},\"query-input\":{\"@type\":\"PropertyValueSpecification\",\"valueRequired\":true,\"valueName\":\"search_term_string\"}}],\"inLanguage\":\"es\"},{\"@type\":\"Organization\",\"@id\":\"https:\\\/\\\/www.mvpplumbingjoplin.com\\\/#organization\",\"name\":\"MVP Plumbing LLC\",\"url\":\"https:\\\/\\\/www.mvpplumbingjoplin.com\\\/\",\"logo\":{\"@type\":\"ImageObject\",\"inLanguage\":\"es\",\"@id\":\"https:\\\/\\\/www.mvpplumbingjoplin.com\\\/#\\\/schema\\\/logo\\\/image\\\/\",\"url\":\"https:\\\/\\\/cdn.webnamesandnumbers.com\\\/wp-content\\\/uploads\\\/sites\\\/100\\\/2023\\\/02\\\/27191957\\\/MVP-PLUMBING.png\",\"contentUrl\":\"https:\\\/\\\/cdn.webnamesandnumbers.com\\\/wp-content\\\/uploads\\\/sites\\\/100\\\/2023\\\/02\\\/27191957\\\/MVP-PLUMBING.png\",\"width\":1000,\"height\":748,\"caption\":\"MVP Plumbing LLC\"},\"image\":{\"@id\":\"https:\\\/\\\/www.mvpplumbingjoplin.com\\\/#\\\/schema\\\/logo\\\/image\\\/\"}}]}<\/script>\n<!-- \/ Yoast SEO plugin. -->","yoast_head_json":{"title":"Suavizadores de agua - MVP Plumbing LLC","description":"Disfrute de los beneficios del agua blanda con los servicios expertos de instalaci\u00f3n y reparaci\u00f3n de suavizadores de agua de MVP Plumbing. Mejore la calidad del agua de su hogar hoy mismo.","robots":{"index":"index","follow":"follow","max-snippet":"max-snippet:-1","max-image-preview":"max-image-preview:large","max-video-preview":"max-video-preview:-1"},"canonical":"https:\/\/www.mvpplumbingjoplin.com\/es\/water-softeners\/","og_locale":"es_MX","og_type":"article","og_title":"Water Softeners - MVP Plumbing LLC","og_description":"Experience the benefits of soft water with MVP Plumbing's expert water softener installation and repair services. Enhance your home's water quality today.\u200b","og_url":"https:\/\/www.mvpplumbingjoplin.com\/es\/water-softeners\/","og_site_name":"MVP Plumbing LLC","article_modified_time":"2025-05-06T14:36:16+00:00","twitter_card":"summary_large_image","twitter_misc":{"Tiempo de lectura":"2 minutos"},"schema":{"@context":"https:\/\/schema.org","@graph":[{"@type":"WebPage","@id":"https:\/\/www.mvpplumbingjoplin.com\/water-softeners\/","url":"https:\/\/www.mvpplumbingjoplin.com\/water-softeners\/","name":"Suavizadores de agua - MVP Plumbing LLC","isPartOf":{"@id":"https:\/\/www.mvpplumbingjoplin.com\/#website"},"datePublished":"2025-05-06T14:18:30+00:00","dateModified":"2025-05-06T14:36:16+00:00","description":"Disfrute de los beneficios del agua blanda con los servicios expertos de instalaci\u00f3n y reparaci\u00f3n de suavizadores de agua de MVP Plumbing. Mejore la calidad del agua de su hogar hoy mismo.","breadcrumb":{"@id":"https:\/\/www.mvpplumbingjoplin.com\/water-softeners\/#breadcrumb"},"inLanguage":"es","potentialAction":[{"@type":"ReadAction","target":["https:\/\/www.mvpplumbingjoplin.com\/water-softeners\/"]}]},{"@type":"BreadcrumbList","@id":"https:\/\/www.mvpplumbingjoplin.com\/water-softeners\/#breadcrumb","itemListElement":[{"@type":"ListItem","position":1,"name":"Home","item":"https:\/\/www.mvpplumbingjoplin.com\/"},{"@type":"ListItem","position":2,"name":"Water Softeners"}]},{"@type":"WebSite","@id":"https:\/\/www.mvpplumbingjoplin.com\/#website","url":"https:\/\/www.mvpplumbingjoplin.com\/","name":"MVP Plomer\u00eda LLC","description":"Servicios de Plomer\u00eda \u00a1Donde T\u00fa Eres el MVP!","publisher":{"@id":"https:\/\/www.mvpplumbingjoplin.com\/#organization"},"potentialAction":[{"@type":"SearchAction","target":{"@type":"EntryPoint","urlTemplate":"https:\/\/www.mvpplumbingjoplin.com\/?s={search_term_string}"},"query-input":{"@type":"PropertyValueSpecification","valueRequired":true,"valueName":"search_term_string"}}],"inLanguage":"es"},{"@type":"Organization","@id":"https:\/\/www.mvpplumbingjoplin.com\/#organization","name":"MVP Plomer\u00eda LLC","url":"https:\/\/www.mvpplumbingjoplin.com\/","logo":{"@type":"ImageObject","inLanguage":"es","@id":"https:\/\/www.mvpplumbingjoplin.com\/#\/schema\/logo\/image\/","url":"https:\/\/cdn.webnamesandnumbers.com\/wp-content\/uploads\/sites\/100\/2023\/02\/27191957\/MVP-PLUMBING.png","contentUrl":"https:\/\/cdn.webnamesandnumbers.com\/wp-content\/uploads\/sites\/100\/2023\/02\/27191957\/MVP-PLUMBING.png","width":1000,"height":748,"caption":"MVP Plumbing LLC"},"image":{"@id":"https:\/\/www.mvpplumbingjoplin.com\/#\/schema\/logo\/image\/"}}]}},"_links":{"self":[{"href":"https:\/\/www.mvpplumbingjoplin.com\/es\/wp-json\/wp\/v2\/pages\/384","targetHints":{"allow":["GET"]}}],"collection":[{"href":"https:\/\/www.mvpplumbingjoplin.com\/es\/wp-json\/wp\/v2\/pages"}],"about":[{"href":"https:\/\/www.mvpplumbingjoplin.com\/es\/wp-json\/wp\/v2\/types\/page"}],"author":[{"embeddable":true,"href":"https:\/\/www.mvpplumbingjoplin.com\/es\/wp-json\/wp\/v2\/users\/11"}],"replies":[{"embeddable":true,"href":"https:\/\/www.mvpplumbingjoplin.com\/es\/wp-json\/wp\/v2\/comments?post=384"}],"version-history":[{"count":16,"href":"https:\/\/www.mvpplumbingjoplin.com\/es\/wp-json\/wp\/v2\/pages\/384\/revisions"}],"predecessor-version":[{"id":402,"href":"https:\/\/www.mvpplumbingjoplin.com\/es\/wp-json\/wp\/v2\/pages\/384\/revisions\/402"}],"wp:attachment":[{"href":"https:\/\/www.mvpplumbingjoplin.com\/es\/wp-json\/wp\/v2\/media?parent=384"}],"curies":[{"name":"gracias","href":"https:\/\/api.w.org\/{rel}","templated":true}]}}