{"id":423,"date":"2025-07-23T16:26:18","date_gmt":"2025-07-23T16:26:18","guid":{"rendered":"https:\/\/www.mvpplumbingjoplin.com\/?page_id=423"},"modified":"2025-07-23T18:02:12","modified_gmt":"2025-07-23T18:02:12","slug":"plumbing-repairs","status":"publish","type":"page","link":"https:\/\/www.mvpplumbingjoplin.com\/es\/plumbing-repairs\/","title":{"rendered":"Reparaciones de plomer\u00eda"},"content":{"rendered":"<div data-elementor-type=\"wp-page\" data-elementor-id=\"423\" class=\"elementor elementor-423\" data-elementor-post-type=\"page\">\n\t\t\t\t\t\t<section class=\"elementor-section elementor-top-section elementor-element elementor-element-9b8adbb elementor-section-boxed elementor-section-height-default elementor-section-height-default\" data-id=\"9b8adbb\" data-element_type=\"section\" data-e-type=\"section\" data-settings=\"{&quot;background_background&quot;:&quot;classic&quot;}\">\n\t\t\t\t\t\t\t<div class=\"elementor-background-overlay\"><\/div>\n\t\t\t\t\t\t\t<div class=\"elementor-container elementor-column-gap-default\">\n\t\t\t\t\t<div class=\"elementor-column elementor-col-100 elementor-top-column elementor-element elementor-element-bbd1edf\" data-id=\"bbd1edf\" data-element_type=\"column\" data-e-type=\"column\">\n\t\t\t<div class=\"elementor-widget-wrap elementor-element-populated\">\n\t\t\t\t\t\t<div class=\"elementor-element elementor-element-d3d341e elementor-widget elementor-widget-heading\" data-id=\"d3d341e\" data-element_type=\"widget\" data-e-type=\"widget\" data-widget_type=\"heading.default\">\n\t\t\t\t<div class=\"elementor-widget-container\">\n\t\t\t\t\t<h1 class=\"elementor-heading-title elementor-size-default\">Reparaciones de plomer\u00eda<\/h1>\t\t\t\t<\/div>\n\t\t\t\t<\/div>\n\t\t\t\t\t<\/div>\n\t\t<\/div>\n\t\t\t\t\t<\/div>\n\t\t<\/section>\n\t\t\t\t<section class=\"elementor-section elementor-top-section elementor-element elementor-element-876ee1d elementor-section-full_width elementor-section-content-middle elementor-section-height-default elementor-section-height-default\" data-id=\"876ee1d\" data-element_type=\"section\" data-e-type=\"section\" data-settings=\"{&quot;background_background&quot;:&quot;classic&quot;}\">\n\t\t\t\t\t\t<div class=\"elementor-container elementor-column-gap-no\">\n\t\t\t\t\t<div class=\"elementor-column elementor-col-50 elementor-top-column elementor-element elementor-element-384f940\" data-id=\"384f940\" data-element_type=\"column\" data-e-type=\"column\" data-settings=\"{&quot;background_background&quot;:&quot;classic&quot;}\">\n\t\t\t<div class=\"elementor-widget-wrap elementor-element-populated\">\n\t\t\t\t\t\t<div class=\"elementor-element elementor-element-3134b51 elementor-widget elementor-widget-spacer\" data-id=\"3134b51\" data-element_type=\"widget\" data-e-type=\"widget\" data-widget_type=\"spacer.default\">\n\t\t\t\t<div class=\"elementor-widget-container\">\n\t\t\t\t\t\t\t<div class=\"elementor-spacer\">\n\t\t\t<div class=\"elementor-spacer-inner\"><\/div>\n\t\t<\/div>\n\t\t\t\t\t\t<\/div>\n\t\t\t\t<\/div>\n\t\t\t\t\t<\/div>\n\t\t<\/div>\n\t\t\t\t<div class=\"elementor-column elementor-col-50 elementor-top-column elementor-element elementor-element-a5a6535\" data-id=\"a5a6535\" data-element_type=\"column\" data-e-type=\"column\">\n\t\t\t<div class=\"elementor-widget-wrap elementor-element-populated\">\n\t\t\t\t\t\t<div class=\"elementor-element elementor-element-d037468 elementor-widget elementor-widget-heading\" data-id=\"d037468\" data-element_type=\"widget\" data-e-type=\"widget\" data-widget_type=\"heading.default\">\n\t\t\t\t<div class=\"elementor-widget-container\">\n\t\t\t\t\t<h2 class=\"elementor-heading-title elementor-size-default\">Reparaciones de plomer\u00eda confiables por MVP Plumbing LLC<\/h2>\t\t\t\t<\/div>\n\t\t\t\t<\/div>\n\t\t\t\t<div class=\"elementor-element elementor-element-2cc4d0b elementor-widget elementor-widget-text-editor\" data-id=\"2cc4d0b\" data-element_type=\"widget\" data-e-type=\"widget\" data-widget_type=\"text-editor.default\">\n\t\t\t\t<div class=\"elementor-widget-container\">\n\t\t\t\t\t\t\t\t\t<p data-start=\"267\" data-end=\"703\">Si los problemas de plomer\u00eda le interrumpen el d\u00eda, cuente con MVP Plumbing LLC para reparaciones de plomer\u00eda r\u00e1pidas y profesionales en Joplin, MO y alrededores. Ya sea un grifo que gotea, un desag\u00fce obstruido o una tuber\u00eda rota, nuestro equipo de expertos est\u00e1 capacitado para manejar cualquier problema de plomer\u00eda con precisi\u00f3n y cuidado. Somos una empresa local dedicada a brindar un servicio r\u00e1pido, precios justos y soluciones confiables.<\/p><p data-start=\"705\" data-end=\"977\">Entendemos que los problemas de plomer\u00eda no pueden esperar. Por eso, ofrecemos servicio el mismo d\u00eda siempre que sea posible y tratamos su hogar o negocio con el respeto que merece. Sea cual sea el problema, puede confiar en MVP Plumbing LLC para diagnosticarlo r\u00e1pidamente y restablecer su sistema.<\/p>\t\t\t\t\t\t\t\t<\/div>\n\t\t\t\t<\/div>\n\t\t\t\t<div class=\"elementor-element elementor-element-02f60fe elementor-widget elementor-widget-text-editor\" data-id=\"02f60fe\" data-element_type=\"widget\" data-e-type=\"widget\" data-widget_type=\"text-editor.default\">\n\t\t\t\t<div class=\"elementor-widget-container\">\n\t\t\t\t\t\t\t\t\t<h4 data-start=\"2382\" data-end=\"2414\"><em><strong data-start=\"2382\" data-end=\"2414\">\u00bfPor qu\u00e9 elegir MVP Plumbing LLC?<\/strong><\/em><\/h4><ul><li data-start=\"2418\" data-end=\"2574\"><strong data-start=\"2418\" data-end=\"2453\">Experiencia local en la que puede confiar:<\/strong> Estamos ubicados aqu\u00ed en Joplin, MO, y estamos orgullosos de servir a nuestros vecinos con servicios de plomer\u00eda honestos y confiables.<\/li><li data-start=\"2577\" data-end=\"2702\"><strong data-start=\"2577\" data-end=\"2616\">Profesionales licenciados y asegurados:<\/strong> Nuestros t\u00e9cnicos est\u00e1n capacitados, autorizados y asegurados para su seguridad y tranquilidad.<\/li><li data-start=\"2705\" data-end=\"2831\"><strong data-start=\"2705\" data-end=\"2738\">Precios transparentes y por adelantado:<\/strong> Sin cargos ocultos ni sorpresas: solo cotizaciones honestas y explicaciones detalladas del trabajo necesario.<\/li><li data-start=\"2834\" data-end=\"2973\"><strong data-start=\"2834\" data-end=\"2858\">Tiempos de respuesta r\u00e1pidos:<\/strong> Sabemos que los problemas de plomer\u00eda necesitan atenci\u00f3n inmediata, por eso priorizamos el servicio el mismo d\u00eda siempre que sea posible.<\/li><li data-start=\"2976\" data-end=\"3083\"><strong data-start=\"2976\" data-end=\"3006\">Respeto por su propiedad:<\/strong> Nos encargamos de dejar su espacio limpio y ordenado una vez finalizada la reparaci\u00f3n.<\/li><\/ul>\t\t\t\t\t\t\t\t<\/div>\n\t\t\t\t<\/div>\n\t\t\t\t\t<\/div>\n\t\t<\/div>\n\t\t\t\t\t<\/div>\n\t\t<\/section>\n\t\t\t\t<section class=\"elementor-section elementor-top-section elementor-element elementor-element-f1f1c09 elementor-section-boxed elementor-section-height-default elementor-section-height-default\" data-id=\"f1f1c09\" data-element_type=\"section\" data-e-type=\"section\" data-settings=\"{&quot;background_background&quot;:&quot;classic&quot;}\">\n\t\t\t\t\t\t<div class=\"elementor-container elementor-column-gap-default\">\n\t\t\t\t\t<div class=\"elementor-column elementor-col-100 elementor-top-column elementor-element elementor-element-bdf9eef\" data-id=\"bdf9eef\" data-element_type=\"column\" data-e-type=\"column\">\n\t\t\t<div class=\"elementor-widget-wrap elementor-element-populated\">\n\t\t\t\t\t\t<div class=\"elementor-element elementor-element-ba7651b elementor-widget elementor-widget-text-editor\" data-id=\"ba7651b\" data-element_type=\"widget\" data-e-type=\"widget\" data-widget_type=\"text-editor.default\">\n\t\t\t\t<div class=\"elementor-widget-container\">\n\t\t\t\t\t\t\t\t\t<h3 style=\"text-align: center;\" data-start=\"984\" data-end=\"1026\"><strong data-start=\"984\" data-end=\"1026\">Servicios integrales de reparaci\u00f3n de plomer\u00eda<\/strong><\/h3><p data-start=\"1028\" data-end=\"1295\">MVP Plumbing LLC ofrece una amplia gama de servicios de reparaci\u00f3n de plomer\u00eda dise\u00f1ados para restaurar la comodidad y el funcionamiento de su propiedad. Nuestros profesionales certificados est\u00e1n capacitados para diagnosticar, reparar y reemplazar componentes de plomer\u00eda defectuosos con resultados duraderos. Los servicios incluyen:<\/p><ul><li data-start=\"1299\" data-end=\"1443\"><strong data-start=\"1299\" data-end=\"1329\">Detecci\u00f3n y reparaci\u00f3n de fugas:<\/strong> Desde fugas ocultas dentro de las paredes hasta grifos que gotean, encontramos la fuente y la reparamos r\u00e1pidamente para evitar da\u00f1os mayores.<\/li><li data-start=\"1446\" data-end=\"1568\"><strong data-start=\"1446\" data-end=\"1478\">Reparaci\u00f3n y reemplazo de tuber\u00edas:<\/strong> Nos encargamos de todo, desde tuber\u00edas corro\u00eddas o rotas hasta la sustituci\u00f3n de secciones enteras si es necesario.<\/li><li data-start=\"1571\" data-end=\"1721\"><strong data-start=\"1571\" data-end=\"1605\">Limpieza y desatasco de desag\u00fces:<\/strong> Los desag\u00fces bloqueados pueden provocar que los fregaderos funcionen lentamente o se obstruyan. Desatascamos las tuber\u00edas con herramientas profesionales para restaurar el drenaje completo.<\/li><li data-start=\"1724\" data-end=\"1843\"><strong data-start=\"1724\" data-end=\"1743\">Reparaci\u00f3n de inodoros:<\/strong> Inodoros que pierden agua, obstrucciones frecuentes o problemas de descarga: los solucionamos todos con repuestos de calidad.<\/li><li data-start=\"1846\" data-end=\"1969\"><strong data-start=\"1846\" data-end=\"1871\">Reparaci\u00f3n de calentadores de agua:<\/strong> \u00bfNo tiene agua caliente? Reparamos sus calentadores de agua con y sin tanque para restaurar su sistema eficientemente.<\/li><li data-start=\"1972\" data-end=\"2106\"><strong data-start=\"1972\" data-end=\"2000\">Reparaci\u00f3n de trituradores de basura:<\/strong> \u00bfRuidos extra\u00f1os, atascos o fugas? Repararemos su triturador o lo reemplazaremos si es necesario.<\/li><li data-start=\"2109\" data-end=\"2250\"><strong data-start=\"2109\" data-end=\"2144\">Reparaci\u00f3n y reemplazo de accesorios:<\/strong> Desde grifos de cocina hasta cabezales de ducha, reparamos o instalamos accesorios que tienen fugas, est\u00e1n rotos o est\u00e1n obsoletos.<\/li><\/ul><p data-start=\"2252\" data-end=\"2375\">Ya sea un inconveniente menor o una emergencia de plomer\u00eda importante, estamos listos para ayudar con un servicio profesional y cort\u00e9s.<\/p>\t\t\t\t\t\t\t\t<\/div>\n\t\t\t\t<\/div>\n\t\t\t\t\t<\/div>\n\t\t<\/div>\n\t\t\t\t\t<\/div>\n\t\t<\/section>\n\t\t\t\t<section class=\"elementor-section elementor-top-section elementor-element elementor-element-85a50c0 elementor-section-boxed elementor-section-height-default elementor-section-height-default\" data-id=\"85a50c0\" data-element_type=\"section\" data-e-type=\"section\" data-settings=\"{&quot;background_background&quot;:&quot;classic&quot;}\">\n\t\t\t\t\t\t<div class=\"elementor-container elementor-column-gap-default\">\n\t\t\t\t\t<div class=\"elementor-column elementor-col-100 elementor-top-column elementor-element elementor-element-76e9bf2\" data-id=\"76e9bf2\" data-element_type=\"column\" data-e-type=\"column\">\n\t\t\t<div class=\"elementor-widget-wrap elementor-element-populated\">\n\t\t\t\t\t\t<div class=\"elementor-element elementor-element-e242fae elementor-widget elementor-widget-text-editor\" data-id=\"e242fae\" data-element_type=\"widget\" data-e-type=\"widget\" data-widget_type=\"text-editor.default\">\n\t\t\t\t<div class=\"elementor-widget-container\">\n\t\t\t\t\t\t\t\t\t<h3 data-start=\"3090\" data-end=\"3129\"><strong data-start=\"3090\" data-end=\"3129\">Programe su reparaci\u00f3n de plomer\u00eda hoy<\/strong><\/h3><p data-start=\"3131\" data-end=\"3455\">Si tiene un problema de plomer\u00eda en su hogar o negocio, no espere a que empeore. Llame <strong data-start=\"3228\" data-end=\"3248\">MVP Plomer\u00eda LLC<\/strong> Hoy a las <span style=\"color: #000000;\"><a style=\"color: #000000;\" href=\"tel:310-961-1431\"><strong data-start=\"3258\" data-end=\"3276\">(310) 961-1431<\/strong><\/a><\/span> Para programar su servicio de reparaci\u00f3n de plomer\u00eda en <strong>Joplin, MO y comunidades aleda\u00f1as<\/strong>Ya sea una peque\u00f1a reparaci\u00f3n o una reparaci\u00f3n mayor, nuestro equipo est\u00e1 aqu\u00ed para brindarle mano de obra y un servicio de calidad en el que puede confiar.<\/p>\t\t\t\t\t\t\t\t<\/div>\n\t\t\t\t<\/div>\n\t\t\t\t\t<\/div>\n\t\t<\/div>\n\t\t\t\t\t<\/div>\n\t\t<\/section>\n\t\t\t\t<\/div>","protected":false},"excerpt":{"rendered":"<p>Plumbing Repairs Reliable Plumbing Repairs by MVP Plumbing LLC When plumbing issues disrupt your day, count on MVP Plumbing LLC for fast, professional plumbing repairs in Joplin, MO, and surrounding areas. Whether it\u2019s a leaky faucet, a clogged drain, or a burst pipe, our experienced team is equipped to handle any size plumbing problem with [&hellip;]<\/p>\n","protected":false},"author":26,"featured_media":0,"parent":0,"menu_order":0,"comment_status":"closed","ping_status":"closed","template":"","meta":{"footnotes":""},"class_list":["post-423","page","type-page","status-publish","hentry"],"yoast_head":"<!-- This site is optimized with the Yoast SEO plugin v27.3 - https:\/\/yoast.com\/product\/yoast-seo-wordpress\/ -->\n<title>Plumbing Repairs - MVP Plumbing LLC<\/title>\n<meta name=\"description\" content=\"MVP Plumbing LLC provides expert plumbing repair services for residential, commercial &amp; industrial properties in the Joplin, MO area. Call today!\" \/>\n<meta name=\"robots\" content=\"index, follow, max-snippet:-1, max-image-preview:large, max-video-preview:-1\" \/>\n<link rel=\"canonical\" href=\"https:\/\/www.mvpplumbingjoplin.com\/es\/plumbing-repairs\/\" \/>\n<meta property=\"og:locale\" content=\"es_MX\" \/>\n<meta property=\"og:type\" content=\"article\" \/>\n<meta property=\"og:title\" content=\"Plumbing Repairs - MVP Plumbing LLC\" \/>\n<meta property=\"og:description\" content=\"MVP Plumbing LLC provides expert plumbing repair services for residential, commercial &amp; industrial properties in the Joplin, MO area. Call today!\" \/>\n<meta property=\"og:url\" content=\"https:\/\/www.mvpplumbingjoplin.com\/es\/plumbing-repairs\/\" \/>\n<meta property=\"og:site_name\" content=\"MVP Plumbing LLC\" \/>\n<meta property=\"article:modified_time\" content=\"2025-07-23T18:02:12+00:00\" \/>\n<meta name=\"twitter:card\" content=\"summary_large_image\" \/>\n<meta name=\"twitter:label1\" content=\"Tiempo de lectura\" \/>\n\t<meta name=\"twitter:data1\" content=\"3 minutos\" \/>\n<script type=\"application\/ld+json\" class=\"yoast-schema-graph\">{\"@context\":\"https:\\\/\\\/schema.org\",\"@graph\":[{\"@type\":\"WebPage\",\"@id\":\"https:\\\/\\\/www.mvpplumbingjoplin.com\\\/plumbing-repairs\\\/\",\"url\":\"https:\\\/\\\/www.mvpplumbingjoplin.com\\\/plumbing-repairs\\\/\",\"name\":\"Plumbing Repairs - MVP Plumbing LLC\",\"isPartOf\":{\"@id\":\"https:\\\/\\\/www.mvpplumbingjoplin.com\\\/#website\"},\"datePublished\":\"2025-07-23T16:26:18+00:00\",\"dateModified\":\"2025-07-23T18:02:12+00:00\",\"description\":\"MVP Plumbing LLC provides expert plumbing repair services for residential, commercial & industrial properties in the Joplin, MO area. Call today!\",\"breadcrumb\":{\"@id\":\"https:\\\/\\\/www.mvpplumbingjoplin.com\\\/plumbing-repairs\\\/#breadcrumb\"},\"inLanguage\":\"es\",\"potentialAction\":[{\"@type\":\"ReadAction\",\"target\":[\"https:\\\/\\\/www.mvpplumbingjoplin.com\\\/plumbing-repairs\\\/\"]}]},{\"@type\":\"BreadcrumbList\",\"@id\":\"https:\\\/\\\/www.mvpplumbingjoplin.com\\\/plumbing-repairs\\\/#breadcrumb\",\"itemListElement\":[{\"@type\":\"ListItem\",\"position\":1,\"name\":\"Home\",\"item\":\"https:\\\/\\\/www.mvpplumbingjoplin.com\\\/\"},{\"@type\":\"ListItem\",\"position\":2,\"name\":\"Plumbing Repairs\"}]},{\"@type\":\"WebSite\",\"@id\":\"https:\\\/\\\/www.mvpplumbingjoplin.com\\\/#website\",\"url\":\"https:\\\/\\\/www.mvpplumbingjoplin.com\\\/\",\"name\":\"MVP Plumbing LLC\",\"description\":\"Plumbing Services Where You Are The MVP!\",\"publisher\":{\"@id\":\"https:\\\/\\\/www.mvpplumbingjoplin.com\\\/#organization\"},\"potentialAction\":[{\"@type\":\"SearchAction\",\"target\":{\"@type\":\"EntryPoint\",\"urlTemplate\":\"https:\\\/\\\/www.mvpplumbingjoplin.com\\\/?s={search_term_string}\"},\"query-input\":{\"@type\":\"PropertyValueSpecification\",\"valueRequired\":true,\"valueName\":\"search_term_string\"}}],\"inLanguage\":\"es\"},{\"@type\":\"Organization\",\"@id\":\"https:\\\/\\\/www.mvpplumbingjoplin.com\\\/#organization\",\"name\":\"MVP Plumbing LLC\",\"url\":\"https:\\\/\\\/www.mvpplumbingjoplin.com\\\/\",\"logo\":{\"@type\":\"ImageObject\",\"inLanguage\":\"es\",\"@id\":\"https:\\\/\\\/www.mvpplumbingjoplin.com\\\/#\\\/schema\\\/logo\\\/image\\\/\",\"url\":\"https:\\\/\\\/cdn.webnamesandnumbers.com\\\/wp-content\\\/uploads\\\/sites\\\/100\\\/2023\\\/02\\\/27191957\\\/MVP-PLUMBING.png\",\"contentUrl\":\"https:\\\/\\\/cdn.webnamesandnumbers.com\\\/wp-content\\\/uploads\\\/sites\\\/100\\\/2023\\\/02\\\/27191957\\\/MVP-PLUMBING.png\",\"width\":1000,\"height\":748,\"caption\":\"MVP Plumbing LLC\"},\"image\":{\"@id\":\"https:\\\/\\\/www.mvpplumbingjoplin.com\\\/#\\\/schema\\\/logo\\\/image\\\/\"}}]}<\/script>\n<!-- \/ Yoast SEO plugin. -->","yoast_head_json":{"title":"Reparaciones de plomer\u00eda - MVP Plumbing LLC","description":"MVP Plumbing LLC ofrece servicios profesionales de reparaci\u00f3n de plomer\u00eda para propiedades residenciales, comerciales e industriales en el \u00e1rea de Joplin, Misuri. \u00a1Llame hoy mismo!","robots":{"index":"index","follow":"follow","max-snippet":"max-snippet:-1","max-image-preview":"max-image-preview:large","max-video-preview":"max-video-preview:-1"},"canonical":"https:\/\/www.mvpplumbingjoplin.com\/es\/plumbing-repairs\/","og_locale":"es_MX","og_type":"article","og_title":"Plumbing Repairs - MVP Plumbing LLC","og_description":"MVP Plumbing LLC provides expert plumbing repair services for residential, commercial & industrial properties in the Joplin, MO area. Call today!","og_url":"https:\/\/www.mvpplumbingjoplin.com\/es\/plumbing-repairs\/","og_site_name":"MVP Plumbing LLC","article_modified_time":"2025-07-23T18:02:12+00:00","twitter_card":"summary_large_image","twitter_misc":{"Tiempo de lectura":"3 minutos"},"schema":{"@context":"https:\/\/schema.org","@graph":[{"@type":"WebPage","@id":"https:\/\/www.mvpplumbingjoplin.com\/plumbing-repairs\/","url":"https:\/\/www.mvpplumbingjoplin.com\/plumbing-repairs\/","name":"Reparaciones de plomer\u00eda - MVP Plumbing LLC","isPartOf":{"@id":"https:\/\/www.mvpplumbingjoplin.com\/#website"},"datePublished":"2025-07-23T16:26:18+00:00","dateModified":"2025-07-23T18:02:12+00:00","description":"MVP Plumbing LLC ofrece servicios profesionales de reparaci\u00f3n de plomer\u00eda para propiedades residenciales, comerciales e industriales en el \u00e1rea de Joplin, Misuri. \u00a1Llame hoy mismo!","breadcrumb":{"@id":"https:\/\/www.mvpplumbingjoplin.com\/plumbing-repairs\/#breadcrumb"},"inLanguage":"es","potentialAction":[{"@type":"ReadAction","target":["https:\/\/www.mvpplumbingjoplin.com\/plumbing-repairs\/"]}]},{"@type":"BreadcrumbList","@id":"https:\/\/www.mvpplumbingjoplin.com\/plumbing-repairs\/#breadcrumb","itemListElement":[{"@type":"ListItem","position":1,"name":"Home","item":"https:\/\/www.mvpplumbingjoplin.com\/"},{"@type":"ListItem","position":2,"name":"Plumbing Repairs"}]},{"@type":"WebSite","@id":"https:\/\/www.mvpplumbingjoplin.com\/#website","url":"https:\/\/www.mvpplumbingjoplin.com\/","name":"MVP Plomer\u00eda LLC","description":"Servicios de Plomer\u00eda \u00a1Donde T\u00fa Eres el MVP!","publisher":{"@id":"https:\/\/www.mvpplumbingjoplin.com\/#organization"},"potentialAction":[{"@type":"SearchAction","target":{"@type":"EntryPoint","urlTemplate":"https:\/\/www.mvpplumbingjoplin.com\/?s={search_term_string}"},"query-input":{"@type":"PropertyValueSpecification","valueRequired":true,"valueName":"search_term_string"}}],"inLanguage":"es"},{"@type":"Organization","@id":"https:\/\/www.mvpplumbingjoplin.com\/#organization","name":"MVP Plomer\u00eda LLC","url":"https:\/\/www.mvpplumbingjoplin.com\/","logo":{"@type":"ImageObject","inLanguage":"es","@id":"https:\/\/www.mvpplumbingjoplin.com\/#\/schema\/logo\/image\/","url":"https:\/\/cdn.webnamesandnumbers.com\/wp-content\/uploads\/sites\/100\/2023\/02\/27191957\/MVP-PLUMBING.png","contentUrl":"https:\/\/cdn.webnamesandnumbers.com\/wp-content\/uploads\/sites\/100\/2023\/02\/27191957\/MVP-PLUMBING.png","width":1000,"height":748,"caption":"MVP Plumbing LLC"},"image":{"@id":"https:\/\/www.mvpplumbingjoplin.com\/#\/schema\/logo\/image\/"}}]}},"_links":{"self":[{"href":"https:\/\/www.mvpplumbingjoplin.com\/es\/wp-json\/wp\/v2\/pages\/423","targetHints":{"allow":["GET"]}}],"collection":[{"href":"https:\/\/www.mvpplumbingjoplin.com\/es\/wp-json\/wp\/v2\/pages"}],"about":[{"href":"https:\/\/www.mvpplumbingjoplin.com\/es\/wp-json\/wp\/v2\/types\/page"}],"author":[{"embeddable":true,"href":"https:\/\/www.mvpplumbingjoplin.com\/es\/wp-json\/wp\/v2\/users\/26"}],"replies":[{"embeddable":true,"href":"https:\/\/www.mvpplumbingjoplin.com\/es\/wp-json\/wp\/v2\/comments?post=423"}],"version-history":[{"count":10,"href":"https:\/\/www.mvpplumbingjoplin.com\/es\/wp-json\/wp\/v2\/pages\/423\/revisions"}],"predecessor-version":[{"id":436,"href":"https:\/\/www.mvpplumbingjoplin.com\/es\/wp-json\/wp\/v2\/pages\/423\/revisions\/436"}],"wp:attachment":[{"href":"https:\/\/www.mvpplumbingjoplin.com\/es\/wp-json\/wp\/v2\/media?parent=423"}],"curies":[{"name":"gracias","href":"https:\/\/api.w.org\/{rel}","templated":true}]}}