{"id":440,"date":"2025-08-28T18:14:54","date_gmt":"2025-08-28T18:14:54","guid":{"rendered":"https:\/\/www.mvpplumbingjoplin.com\/?page_id=440"},"modified":"2025-08-28T18:22:19","modified_gmt":"2025-08-28T18:22:19","slug":"new-construction-plumbing","status":"publish","type":"page","link":"https:\/\/www.mvpplumbingjoplin.com\/es\/new-construction-plumbing\/","title":{"rendered":"Nueva construcci\u00f3n"},"content":{"rendered":"<div data-elementor-type=\"wp-page\" data-elementor-id=\"440\" class=\"elementor elementor-440\" data-elementor-post-type=\"page\">\n\t\t\t\t\t\t<section class=\"elementor-section elementor-top-section elementor-element elementor-element-9b8adbb elementor-section-boxed elementor-section-height-default elementor-section-height-default\" data-id=\"9b8adbb\" data-element_type=\"section\" data-e-type=\"section\" data-settings=\"{&quot;background_background&quot;:&quot;classic&quot;}\">\n\t\t\t\t\t\t\t<div class=\"elementor-background-overlay\"><\/div>\n\t\t\t\t\t\t\t<div class=\"elementor-container elementor-column-gap-default\">\n\t\t\t\t\t<div class=\"elementor-column elementor-col-100 elementor-top-column elementor-element elementor-element-bbd1edf\" data-id=\"bbd1edf\" data-element_type=\"column\" data-e-type=\"column\">\n\t\t\t<div class=\"elementor-widget-wrap elementor-element-populated\">\n\t\t\t\t\t\t<div class=\"elementor-element elementor-element-d3d341e elementor-widget elementor-widget-heading\" data-id=\"d3d341e\" data-element_type=\"widget\" data-e-type=\"widget\" data-widget_type=\"heading.default\">\n\t\t\t\t<div class=\"elementor-widget-container\">\n\t\t\t\t\t<h1 class=\"elementor-heading-title elementor-size-default\">NUEVA CONSTRUCCI\u00d3N<\/h1>\t\t\t\t<\/div>\n\t\t\t\t<\/div>\n\t\t\t\t\t<\/div>\n\t\t<\/div>\n\t\t\t\t\t<\/div>\n\t\t<\/section>\n\t\t\t\t<section class=\"elementor-section elementor-top-section elementor-element elementor-element-876ee1d elementor-section-full_width elementor-section-content-middle elementor-section-height-default elementor-section-height-default\" data-id=\"876ee1d\" data-element_type=\"section\" data-e-type=\"section\" data-settings=\"{&quot;background_background&quot;:&quot;classic&quot;}\">\n\t\t\t\t\t\t<div class=\"elementor-container elementor-column-gap-no\">\n\t\t\t\t\t<div class=\"elementor-column elementor-col-50 elementor-top-column elementor-element elementor-element-384f940\" data-id=\"384f940\" data-element_type=\"column\" data-e-type=\"column\" data-settings=\"{&quot;background_background&quot;:&quot;classic&quot;}\">\n\t\t\t<div class=\"elementor-widget-wrap elementor-element-populated\">\n\t\t\t\t\t\t<div class=\"elementor-element elementor-element-3134b51 elementor-widget elementor-widget-spacer\" data-id=\"3134b51\" data-element_type=\"widget\" data-e-type=\"widget\" data-widget_type=\"spacer.default\">\n\t\t\t\t<div class=\"elementor-widget-container\">\n\t\t\t\t\t\t\t<div class=\"elementor-spacer\">\n\t\t\t<div class=\"elementor-spacer-inner\"><\/div>\n\t\t<\/div>\n\t\t\t\t\t\t<\/div>\n\t\t\t\t<\/div>\n\t\t\t\t\t<\/div>\n\t\t<\/div>\n\t\t\t\t<div class=\"elementor-column elementor-col-50 elementor-top-column elementor-element elementor-element-a5a6535\" data-id=\"a5a6535\" data-element_type=\"column\" data-e-type=\"column\">\n\t\t\t<div class=\"elementor-widget-wrap elementor-element-populated\">\n\t\t\t\t\t\t<div class=\"elementor-element elementor-element-d037468 elementor-widget elementor-widget-heading\" data-id=\"d037468\" data-element_type=\"widget\" data-e-type=\"widget\" data-widget_type=\"heading.default\">\n\t\t\t\t<div class=\"elementor-widget-container\">\n\t\t\t\t\t<h2 class=\"elementor-heading-title elementor-size-default\">Servicios de plomer\u00eda confiables para su nueva construcci\u00f3n<\/h2>\t\t\t\t<\/div>\n\t\t\t\t<\/div>\n\t\t\t\t<div class=\"elementor-element elementor-element-2cc4d0b elementor-widget elementor-widget-text-editor\" data-id=\"2cc4d0b\" data-element_type=\"widget\" data-e-type=\"widget\" data-widget_type=\"text-editor.default\">\n\t\t\t\t<div class=\"elementor-widget-container\">\n\t\t\t\t\t\t\t\t\t<p data-start=\"243\" data-end=\"690\">Al iniciar un nuevo proyecto de construcci\u00f3n, contar con un sistema de plomer\u00eda confiable es esencial para la comodidad y la funcionalidad. MVP Plumbing LLC ofrece servicios expertos de plomer\u00eda para nuevas construcciones en Joplin, MO y alrededores. Ya sea que est\u00e9 construyendo una casa a medida, una propiedad multifamiliar o un espacio comercial, nuestro maestro plomero certificado garantiza que su proyecto tenga una base s\u00f3lida con l\u00edneas de agua, alcantarillado y gas correctamente instaladas.<\/p><p data-start=\"692\" data-end=\"978\">Nuestro equipo colabora estrechamente con contratistas, constructores y propietarios para ofrecer instalaciones de plomer\u00eda que cumplan con los c\u00f3digos locales, funcionen eficientemente y sean duraderas. Con a\u00f1os de experiencia pr\u00e1ctica, nos aseguramos de que su nueva construcci\u00f3n cuente con la infraestructura de plomer\u00eda necesaria desde el primer d\u00eda.<\/p>\t\t\t\t\t\t\t\t<\/div>\n\t\t\t\t<\/div>\n\t\t\t\t<div class=\"elementor-element elementor-element-6efe352 elementor-widget elementor-widget-heading\" data-id=\"6efe352\" data-element_type=\"widget\" data-e-type=\"widget\" data-widget_type=\"heading.default\">\n\t\t\t\t<div class=\"elementor-widget-container\">\n\t\t\t\t\t<h3 class=\"elementor-heading-title elementor-size-default\">Instalaci\u00f3n de plomer\u00eda para nueva construcci\u00f3n<\/h3>\t\t\t\t<\/div>\n\t\t\t\t<\/div>\n\t\t\t\t<div class=\"elementor-element elementor-element-2c0284d elementor-widget__width-initial elementor-widget elementor-widget-text-editor\" data-id=\"2c0284d\" data-element_type=\"widget\" data-e-type=\"widget\" data-widget_type=\"text-editor.default\">\n\t\t\t\t<div class=\"elementor-widget-container\">\n\t\t\t\t\t\t\t\t\t<p data-start=\"1025\" data-end=\"1135\">En MVP Plumbing LLC, nos encargamos de todos los aspectos de la plomer\u00eda para proyectos de nueva construcci\u00f3n. Nuestros servicios incluyen:<\/p><ul><li data-start=\"1139\" data-end=\"1184\">Instalaci\u00f3n de l\u00edneas de agua, alcantarillado y gas.<\/li><li data-start=\"1187\" data-end=\"1224\">Instalaci\u00f3n de plomer\u00eda de ba\u00f1o y cocina<\/li><li data-start=\"1227\" data-end=\"1256\">Instalaci\u00f3n de ducha y ba\u00f1era<\/li><li data-start=\"1259\" data-end=\"1294\">Conexiones de plomer\u00eda del lavadero<\/li><li data-start=\"1297\" data-end=\"1324\">Instalaci\u00f3n de calentador de agua<\/li><li data-start=\"1327\" data-end=\"1361\">Instalaci\u00f3n y conexiones de accesorios<\/li><li data-start=\"1364\" data-end=\"1404\">Inspecciones y pruebas que cumplen con el c\u00f3digo<\/li><\/ul><p data-start=\"1406\" data-end=\"1566\">Desde las instalaciones subterr\u00e1neas hasta la instalaci\u00f3n final de los accesorios, nuestro equipo est\u00e1 presente en cada paso del proceso para garantizar que su sistema de plomer\u00eda est\u00e9 bien hecho la primera vez.<\/p>\t\t\t\t\t\t\t\t<\/div>\n\t\t\t\t<\/div>\n\t\t\t\t\t<\/div>\n\t\t<\/div>\n\t\t\t\t\t<\/div>\n\t\t<\/section>\n\t\t\t\t<section class=\"elementor-section elementor-top-section elementor-element elementor-element-2661d24 elementor-section-full_width elementor-section-height-default elementor-section-height-default\" data-id=\"2661d24\" data-element_type=\"section\" data-e-type=\"section\" data-settings=\"{&quot;background_background&quot;:&quot;classic&quot;}\">\n\t\t\t\t\t\t<div class=\"elementor-container elementor-column-gap-default\">\n\t\t\t\t\t<div class=\"elementor-column elementor-col-50 elementor-top-column elementor-element elementor-element-f7417a5\" data-id=\"f7417a5\" data-element_type=\"column\" data-e-type=\"column\">\n\t\t\t<div class=\"elementor-widget-wrap elementor-element-populated\">\n\t\t\t\t\t\t<div class=\"elementor-element elementor-element-1bffc79 elementor-widget elementor-widget-heading\" data-id=\"1bffc79\" data-element_type=\"widget\" data-e-type=\"widget\" data-widget_type=\"heading.default\">\n\t\t\t\t<div class=\"elementor-widget-container\">\n\t\t\t\t\t<h3 class=\"elementor-heading-title elementor-size-default\">\u00bfPor qu\u00e9 elegir MVP Plumbing LLC?<\/h3>\t\t\t\t<\/div>\n\t\t\t\t<\/div>\n\t\t\t\t<div class=\"elementor-element elementor-element-d380f87 elementor-widget__width-initial elementor-widget elementor-widget-text-editor\" data-id=\"d380f87\" data-element_type=\"widget\" data-e-type=\"widget\" data-widget_type=\"text-editor.default\">\n\t\t\t\t<div class=\"elementor-widget-container\">\n\t\t\t\t\t\t\t\t\t<p data-start=\"1602\" data-end=\"1756\">Elegir al plomero adecuado para una nueva construcci\u00f3n marca la diferencia en el rendimiento a largo plazo de su hogar o negocio. MVP Plumbing LLC ofrece:<\/p><ul><li data-start=\"1760\" data-end=\"1814\">Plomero maestro con licencia y experiencia en cada trabajo.<\/li><li data-start=\"1817\" data-end=\"1862\">Mano de obra de calidad y atenci\u00f3n al detalle.<\/li><li data-start=\"1865\" data-end=\"1921\">Comunicaci\u00f3n confiable con contratistas y propietarios.<\/li><li data-start=\"1924\" data-end=\"1977\">Compromiso de cumplir con el cronograma y el presupuesto<\/li><li data-start=\"1980\" data-end=\"2042\">Servicio disponible tanto para construcciones residenciales como comerciales.<\/li><\/ul><p data-start=\"2044\" data-end=\"2155\">Nuestro objetivo es brindarle tranquilidad sabiendo que su nuevo sistema de plomer\u00eda es seguro, eficiente y est\u00e1 construido para durar.<\/p><h3 data-start=\"2427\" data-end=\"2448\"><strong>Cont\u00e1ctenos hoy<\/strong><\/h3><p data-start=\"2449\" data-end=\"2731\">\u00bfPlanea un nuevo proyecto de construcci\u00f3n? Deje que MVP Plumbing LLC le brinde la experiencia en plomer\u00eda que necesita. Ll\u00e1menos hoy mismo para programar una consulta y hablar sobre las necesidades de su proyecto. Nuestro equipo est\u00e1 listo para brindarle servicios confiables de plomer\u00eda para su nueva construcci\u00f3n, ya sea para su hogar o negocio.<\/p>\t\t\t\t\t\t\t\t<\/div>\n\t\t\t\t<\/div>\n\t\t\t\t\t<\/div>\n\t\t<\/div>\n\t\t\t\t<div class=\"elementor-column elementor-col-50 elementor-top-column elementor-element elementor-element-c9d9080\" data-id=\"c9d9080\" data-element_type=\"column\" data-e-type=\"column\" data-settings=\"{&quot;background_background&quot;:&quot;classic&quot;}\">\n\t\t\t<div class=\"elementor-widget-wrap elementor-element-populated\">\n\t\t\t\t\t\t<div class=\"elementor-element elementor-element-5c03a48 elementor-widget elementor-widget-heading\" data-id=\"5c03a48\" data-element_type=\"widget\" data-e-type=\"widget\" data-widget_type=\"heading.default\">\n\t\t\t\t<div class=\"elementor-widget-container\">\n\t\t\t\t\t<h6 class=\"elementor-heading-title elementor-size-default\">CON LICENCIA\n<br>\nGARANTIZADO<br>\nASEGURADO<\/h6>\t\t\t\t<\/div>\n\t\t\t\t<\/div>\n\t\t\t\t\t<\/div>\n\t\t<\/div>\n\t\t\t\t\t<\/div>\n\t\t<\/section>\n\t\t\t\t<\/div>","protected":false},"excerpt":{"rendered":"<p>NEW CONSTRUCTION Reliable Plumbing Services for Your New Build When starting a new construction project, having a dependable plumbing system is essential for both comfort and functionality. MVP Plumbing LLC provides expert new construction plumbing services in Joplin, MO and surrounding areas. Whether you are building a custom home, a multi-family property, or a commercial [&hellip;]<\/p>\n","protected":false},"author":26,"featured_media":0,"parent":0,"menu_order":0,"comment_status":"closed","ping_status":"closed","template":"","meta":{"footnotes":""},"class_list":["post-440","page","type-page","status-publish","hentry"],"yoast_head":"<!-- This site is optimized with the Yoast SEO plugin v27.3 - https:\/\/yoast.com\/product\/yoast-seo-wordpress\/ -->\n<title>New Construction Plumbing Services - MVP Plumbing LLC<\/title>\n<meta name=\"description\" content=\"Professional new construction plumbing services by MVP Plumbing LLC. We serve Joplin, MO and surrounding areas. Contact us today!\" \/>\n<meta name=\"robots\" content=\"index, follow, max-snippet:-1, max-image-preview:large, max-video-preview:-1\" \/>\n<link rel=\"canonical\" href=\"https:\/\/www.mvpplumbingjoplin.com\/es\/new-construction-plumbing\/\" \/>\n<meta property=\"og:locale\" content=\"es_MX\" \/>\n<meta property=\"og:type\" content=\"article\" \/>\n<meta property=\"og:title\" content=\"New Construction Plumbing Services - MVP Plumbing LLC\" \/>\n<meta property=\"og:description\" content=\"Professional new construction plumbing services by MVP Plumbing LLC. We serve Joplin, MO and surrounding areas. Contact us today!\" \/>\n<meta property=\"og:url\" content=\"https:\/\/www.mvpplumbingjoplin.com\/es\/new-construction-plumbing\/\" \/>\n<meta property=\"og:site_name\" content=\"MVP Plumbing LLC\" \/>\n<meta property=\"article:modified_time\" content=\"2025-08-28T18:22:19+00:00\" \/>\n<meta name=\"twitter:card\" content=\"summary_large_image\" \/>\n<meta name=\"twitter:label1\" content=\"Tiempo de lectura\" \/>\n\t<meta name=\"twitter:data1\" content=\"2 minutos\" \/>\n<script type=\"application\/ld+json\" class=\"yoast-schema-graph\">{\"@context\":\"https:\\\/\\\/schema.org\",\"@graph\":[{\"@type\":\"WebPage\",\"@id\":\"https:\\\/\\\/www.mvpplumbingjoplin.com\\\/new-construction-plumbing\\\/\",\"url\":\"https:\\\/\\\/www.mvpplumbingjoplin.com\\\/new-construction-plumbing\\\/\",\"name\":\"New Construction Plumbing Services - MVP Plumbing LLC\",\"isPartOf\":{\"@id\":\"https:\\\/\\\/www.mvpplumbingjoplin.com\\\/#website\"},\"datePublished\":\"2025-08-28T18:14:54+00:00\",\"dateModified\":\"2025-08-28T18:22:19+00:00\",\"description\":\"Professional new construction plumbing services by MVP Plumbing LLC. We serve Joplin, MO and surrounding areas. Contact us today!\",\"breadcrumb\":{\"@id\":\"https:\\\/\\\/www.mvpplumbingjoplin.com\\\/new-construction-plumbing\\\/#breadcrumb\"},\"inLanguage\":\"es\",\"potentialAction\":[{\"@type\":\"ReadAction\",\"target\":[\"https:\\\/\\\/www.mvpplumbingjoplin.com\\\/new-construction-plumbing\\\/\"]}]},{\"@type\":\"BreadcrumbList\",\"@id\":\"https:\\\/\\\/www.mvpplumbingjoplin.com\\\/new-construction-plumbing\\\/#breadcrumb\",\"itemListElement\":[{\"@type\":\"ListItem\",\"position\":1,\"name\":\"Home\",\"item\":\"https:\\\/\\\/www.mvpplumbingjoplin.com\\\/\"},{\"@type\":\"ListItem\",\"position\":2,\"name\":\"New Construction\"}]},{\"@type\":\"WebSite\",\"@id\":\"https:\\\/\\\/www.mvpplumbingjoplin.com\\\/#website\",\"url\":\"https:\\\/\\\/www.mvpplumbingjoplin.com\\\/\",\"name\":\"MVP Plumbing LLC\",\"description\":\"Plumbing Services Where You Are The MVP!\",\"publisher\":{\"@id\":\"https:\\\/\\\/www.mvpplumbingjoplin.com\\\/#organization\"},\"potentialAction\":[{\"@type\":\"SearchAction\",\"target\":{\"@type\":\"EntryPoint\",\"urlTemplate\":\"https:\\\/\\\/www.mvpplumbingjoplin.com\\\/?s={search_term_string}\"},\"query-input\":{\"@type\":\"PropertyValueSpecification\",\"valueRequired\":true,\"valueName\":\"search_term_string\"}}],\"inLanguage\":\"es\"},{\"@type\":\"Organization\",\"@id\":\"https:\\\/\\\/www.mvpplumbingjoplin.com\\\/#organization\",\"name\":\"MVP Plumbing LLC\",\"url\":\"https:\\\/\\\/www.mvpplumbingjoplin.com\\\/\",\"logo\":{\"@type\":\"ImageObject\",\"inLanguage\":\"es\",\"@id\":\"https:\\\/\\\/www.mvpplumbingjoplin.com\\\/#\\\/schema\\\/logo\\\/image\\\/\",\"url\":\"https:\\\/\\\/cdn.webnamesandnumbers.com\\\/wp-content\\\/uploads\\\/sites\\\/100\\\/2023\\\/02\\\/27191957\\\/MVP-PLUMBING.png\",\"contentUrl\":\"https:\\\/\\\/cdn.webnamesandnumbers.com\\\/wp-content\\\/uploads\\\/sites\\\/100\\\/2023\\\/02\\\/27191957\\\/MVP-PLUMBING.png\",\"width\":1000,\"height\":748,\"caption\":\"MVP Plumbing LLC\"},\"image\":{\"@id\":\"https:\\\/\\\/www.mvpplumbingjoplin.com\\\/#\\\/schema\\\/logo\\\/image\\\/\"}}]}<\/script>\n<!-- \/ Yoast SEO plugin. -->","yoast_head_json":{"title":"Servicios de plomer\u00eda para obra nueva - MVP Plumbing LLC","description":"Servicios profesionales de plomer\u00eda para obra nueva de MVP Plumbing LLC. Atendemos Joplin, MO y alrededores. \u00a1Cont\u00e1ctenos hoy mismo!","robots":{"index":"index","follow":"follow","max-snippet":"max-snippet:-1","max-image-preview":"max-image-preview:large","max-video-preview":"max-video-preview:-1"},"canonical":"https:\/\/www.mvpplumbingjoplin.com\/es\/new-construction-plumbing\/","og_locale":"es_MX","og_type":"article","og_title":"New Construction Plumbing Services - MVP Plumbing LLC","og_description":"Professional new construction plumbing services by MVP Plumbing LLC. We serve Joplin, MO and surrounding areas. Contact us today!","og_url":"https:\/\/www.mvpplumbingjoplin.com\/es\/new-construction-plumbing\/","og_site_name":"MVP Plumbing LLC","article_modified_time":"2025-08-28T18:22:19+00:00","twitter_card":"summary_large_image","twitter_misc":{"Tiempo de lectura":"2 minutos"},"schema":{"@context":"https:\/\/schema.org","@graph":[{"@type":"WebPage","@id":"https:\/\/www.mvpplumbingjoplin.com\/new-construction-plumbing\/","url":"https:\/\/www.mvpplumbingjoplin.com\/new-construction-plumbing\/","name":"Servicios de plomer\u00eda para obra nueva - MVP Plumbing LLC","isPartOf":{"@id":"https:\/\/www.mvpplumbingjoplin.com\/#website"},"datePublished":"2025-08-28T18:14:54+00:00","dateModified":"2025-08-28T18:22:19+00:00","description":"Servicios profesionales de plomer\u00eda para obra nueva de MVP Plumbing LLC. Atendemos Joplin, MO y alrededores. \u00a1Cont\u00e1ctenos hoy mismo!","breadcrumb":{"@id":"https:\/\/www.mvpplumbingjoplin.com\/new-construction-plumbing\/#breadcrumb"},"inLanguage":"es","potentialAction":[{"@type":"ReadAction","target":["https:\/\/www.mvpplumbingjoplin.com\/new-construction-plumbing\/"]}]},{"@type":"BreadcrumbList","@id":"https:\/\/www.mvpplumbingjoplin.com\/new-construction-plumbing\/#breadcrumb","itemListElement":[{"@type":"ListItem","position":1,"name":"Home","item":"https:\/\/www.mvpplumbingjoplin.com\/"},{"@type":"ListItem","position":2,"name":"New Construction"}]},{"@type":"WebSite","@id":"https:\/\/www.mvpplumbingjoplin.com\/#website","url":"https:\/\/www.mvpplumbingjoplin.com\/","name":"MVP Plomer\u00eda LLC","description":"Servicios de Plomer\u00eda \u00a1Donde T\u00fa Eres el MVP!","publisher":{"@id":"https:\/\/www.mvpplumbingjoplin.com\/#organization"},"potentialAction":[{"@type":"SearchAction","target":{"@type":"EntryPoint","urlTemplate":"https:\/\/www.mvpplumbingjoplin.com\/?s={search_term_string}"},"query-input":{"@type":"PropertyValueSpecification","valueRequired":true,"valueName":"search_term_string"}}],"inLanguage":"es"},{"@type":"Organization","@id":"https:\/\/www.mvpplumbingjoplin.com\/#organization","name":"MVP Plomer\u00eda LLC","url":"https:\/\/www.mvpplumbingjoplin.com\/","logo":{"@type":"ImageObject","inLanguage":"es","@id":"https:\/\/www.mvpplumbingjoplin.com\/#\/schema\/logo\/image\/","url":"https:\/\/cdn.webnamesandnumbers.com\/wp-content\/uploads\/sites\/100\/2023\/02\/27191957\/MVP-PLUMBING.png","contentUrl":"https:\/\/cdn.webnamesandnumbers.com\/wp-content\/uploads\/sites\/100\/2023\/02\/27191957\/MVP-PLUMBING.png","width":1000,"height":748,"caption":"MVP Plumbing LLC"},"image":{"@id":"https:\/\/www.mvpplumbingjoplin.com\/#\/schema\/logo\/image\/"}}]}},"_links":{"self":[{"href":"https:\/\/www.mvpplumbingjoplin.com\/es\/wp-json\/wp\/v2\/pages\/440","targetHints":{"allow":["GET"]}}],"collection":[{"href":"https:\/\/www.mvpplumbingjoplin.com\/es\/wp-json\/wp\/v2\/pages"}],"about":[{"href":"https:\/\/www.mvpplumbingjoplin.com\/es\/wp-json\/wp\/v2\/types\/page"}],"author":[{"embeddable":true,"href":"https:\/\/www.mvpplumbingjoplin.com\/es\/wp-json\/wp\/v2\/users\/26"}],"replies":[{"embeddable":true,"href":"https:\/\/www.mvpplumbingjoplin.com\/es\/wp-json\/wp\/v2\/comments?post=440"}],"version-history":[{"count":13,"href":"https:\/\/www.mvpplumbingjoplin.com\/es\/wp-json\/wp\/v2\/pages\/440\/revisions"}],"predecessor-version":[{"id":453,"href":"https:\/\/www.mvpplumbingjoplin.com\/es\/wp-json\/wp\/v2\/pages\/440\/revisions\/453"}],"wp:attachment":[{"href":"https:\/\/www.mvpplumbingjoplin.com\/es\/wp-json\/wp\/v2\/media?parent=440"}],"curies":[{"name":"gracias","href":"https:\/\/api.w.org\/{rel}","templated":true}]}}