{"id":457,"date":"2025-09-22T13:23:13","date_gmt":"2025-09-22T13:23:13","guid":{"rendered":"https:\/\/www.mvpplumbingjoplin.com\/?page_id=457"},"modified":"2025-09-22T13:26:49","modified_gmt":"2025-09-22T13:26:49","slug":"gas-line-service","status":"publish","type":"page","link":"https:\/\/www.mvpplumbingjoplin.com\/es\/gas-line-service\/","title":{"rendered":"SERVICIO DE L\u00cdNEA DE GAS"},"content":{"rendered":"<div data-elementor-type=\"wp-page\" data-elementor-id=\"457\" class=\"elementor elementor-457\" data-elementor-post-type=\"page\">\n\t\t\t\t\t\t<section class=\"elementor-section elementor-top-section elementor-element elementor-element-f496d70 elementor-section-boxed elementor-section-height-default elementor-section-height-default\" data-id=\"f496d70\" data-element_type=\"section\" data-e-type=\"section\" data-settings=\"{&quot;background_background&quot;:&quot;classic&quot;}\">\n\t\t\t\t\t\t\t<div class=\"elementor-background-overlay\"><\/div>\n\t\t\t\t\t\t\t<div class=\"elementor-container elementor-column-gap-default\">\n\t\t\t\t\t<div class=\"elementor-column elementor-col-100 elementor-top-column elementor-element elementor-element-d2e6ab8\" data-id=\"d2e6ab8\" data-element_type=\"column\" data-e-type=\"column\">\n\t\t\t<div class=\"elementor-widget-wrap elementor-element-populated\">\n\t\t\t\t\t\t<div class=\"elementor-element elementor-element-01df8e4 elementor-widget elementor-widget-heading\" data-id=\"01df8e4\" data-element_type=\"widget\" data-e-type=\"widget\" data-widget_type=\"heading.default\">\n\t\t\t\t<div class=\"elementor-widget-container\">\n\t\t\t\t\t<h1 class=\"elementor-heading-title elementor-size-default\">Servicios profesionales de l\u00edneas de gas<\/h1>\t\t\t\t<\/div>\n\t\t\t\t<\/div>\n\t\t\t\t\t<\/div>\n\t\t<\/div>\n\t\t\t\t\t<\/div>\n\t\t<\/section>\n\t\t\t\t<section class=\"elementor-section elementor-top-section elementor-element elementor-element-84f8ed0 elementor-section-full_width elementor-section-content-middle elementor-section-height-default elementor-section-height-default\" data-id=\"84f8ed0\" data-element_type=\"section\" data-e-type=\"section\" data-settings=\"{&quot;background_background&quot;:&quot;classic&quot;}\">\n\t\t\t\t\t\t<div class=\"elementor-container elementor-column-gap-no\">\n\t\t\t\t\t<div class=\"elementor-column elementor-col-50 elementor-top-column elementor-element elementor-element-b6ce6c6\" data-id=\"b6ce6c6\" data-element_type=\"column\" data-e-type=\"column\" data-settings=\"{&quot;background_background&quot;:&quot;classic&quot;}\">\n\t\t\t<div class=\"elementor-widget-wrap elementor-element-populated\">\n\t\t\t\t\t\t<div class=\"elementor-element elementor-element-8dea637 elementor-widget elementor-widget-spacer\" data-id=\"8dea637\" data-element_type=\"widget\" data-e-type=\"widget\" data-widget_type=\"spacer.default\">\n\t\t\t\t<div class=\"elementor-widget-container\">\n\t\t\t\t\t\t\t<div class=\"elementor-spacer\">\n\t\t\t<div class=\"elementor-spacer-inner\"><\/div>\n\t\t<\/div>\n\t\t\t\t\t\t<\/div>\n\t\t\t\t<\/div>\n\t\t\t\t\t<\/div>\n\t\t<\/div>\n\t\t\t\t<div class=\"elementor-column elementor-col-50 elementor-top-column elementor-element elementor-element-d45515d\" data-id=\"d45515d\" data-element_type=\"column\" data-e-type=\"column\">\n\t\t\t<div class=\"elementor-widget-wrap elementor-element-populated\">\n\t\t\t\t\t\t<div class=\"elementor-element elementor-element-8f51ca5 elementor-widget elementor-widget-text-editor\" data-id=\"8f51ca5\" data-element_type=\"widget\" data-e-type=\"widget\" data-widget_type=\"text-editor.default\">\n\t\t\t\t<div class=\"elementor-widget-container\">\n\t\t\t\t\t\t\t\t\t<p data-pos=\"449\">En MVP Plumbing, su seguridad es nuestra m\u00e1xima prioridad. Ofrecemos servicios expertos de instalaci\u00f3n, reparaci\u00f3n y mantenimiento de l\u00edneas de gas para hogares y negocios en el \u00e1rea de Joplin. Ya sea que use gas natural o propano, nuestros profesionales certificados est\u00e1n capacitados para manejar sistemas de gas con precisi\u00f3n y cuidado. Nos aseguramos de que cada proyecto de l\u00edneas de gas cumpla con los c\u00f3digos y est\u00e1ndares de seguridad locales, brind\u00e1ndole tranquilidad de principio a fin.<\/p>\t\t\t\t\t\t\t\t<\/div>\n\t\t\t\t<\/div>\n\t\t\t\t<div class=\"elementor-element elementor-element-d9acb24 elementor-widget elementor-widget-heading\" data-id=\"d9acb24\" data-element_type=\"widget\" data-e-type=\"widget\" data-widget_type=\"heading.default\">\n\t\t\t\t<div class=\"elementor-widget-container\">\n\t\t\t\t\t<h3 class=\"elementor-heading-title elementor-size-default\">Nuestros servicios de l\u00ednea de gas incluyen: <\/h3>\t\t\t\t<\/div>\n\t\t\t\t<\/div>\n\t\t\t\t<div class=\"elementor-element elementor-element-ac359bf elementor-widget__width-initial elementor-widget elementor-widget-text-editor\" data-id=\"ac359bf\" data-element_type=\"widget\" data-e-type=\"widget\" data-widget_type=\"text-editor.default\">\n\t\t\t\t<div class=\"elementor-widget-container\">\n\t\t\t\t\t\t\t\t\t<ul data-pos=\"890\"><li data-pos=\"890\"><strong data-pos=\"894\">Nuevas instalaciones de l\u00edneas de gas<\/strong>\u00a0\u2013 Instalamos l\u00edneas de gas seguras y eficientes para electrodom\u00e9sticos como estufas, hornos, calentadores de agua y m\u00e1s.<\/li><li data-pos=\"1025\"><strong data-pos=\"1029\">Detecci\u00f3n de fugas y resoluci\u00f3n de problemas<\/strong>\u00a0\u2013 Nuestro equipo utiliza herramientas precisas para localizar r\u00e1pidamente fugas y resolver problemas antes de que se vuelvan peligrosos.<\/li><li data-pos=\"1169\"><strong data-pos=\"1173\">Reparaciones y mejoras de l\u00edneas de gas<\/strong>\u00a0Desde reparaciones menores hasta actualizaciones completas del sistema, restauramos su servicio de gas de manera segura y eficiente.<\/li><li data-pos=\"1305\"><strong data-pos=\"1309\">Instalaciones e inspecciones que cumplen con el c\u00f3digo<\/strong>\u00a0\u2013 Todo el trabajo se realiza para cumplir con los c\u00f3digos de construcci\u00f3n actuales y los est\u00e1ndares de seguridad locales.<\/li><li data-pos=\"1439\"><strong data-pos=\"1443\">Servicio de emergencia de l\u00ednea de gas 24\/7<\/strong>\u00a0\u2013 Estamos disponibles las 24 horas del d\u00eda para responder a problemas urgentes con las l\u00edneas de gas y mantener su propiedad segura.<\/li><\/ul>\t\t\t\t\t\t\t\t<\/div>\n\t\t\t\t<\/div>\n\t\t\t\t\t<\/div>\n\t\t<\/div>\n\t\t\t\t\t<\/div>\n\t\t<\/section>\n\t\t\t\t<section class=\"elementor-section elementor-top-section elementor-element elementor-element-7c44d9f elementor-section-full_width elementor-section-height-default elementor-section-height-default\" data-id=\"7c44d9f\" data-element_type=\"section\" data-e-type=\"section\" data-settings=\"{&quot;background_background&quot;:&quot;classic&quot;}\">\n\t\t\t\t\t\t<div class=\"elementor-container elementor-column-gap-default\">\n\t\t\t\t\t<div class=\"elementor-column elementor-col-50 elementor-top-column elementor-element elementor-element-c62ec12\" data-id=\"c62ec12\" data-element_type=\"column\" data-e-type=\"column\">\n\t\t\t<div class=\"elementor-widget-wrap elementor-element-populated\">\n\t\t\t\t\t\t<div class=\"elementor-element elementor-element-2fa3db2 elementor-widget elementor-widget-heading\" data-id=\"2fa3db2\" data-element_type=\"widget\" data-e-type=\"widget\" data-widget_type=\"heading.default\">\n\t\t\t\t<div class=\"elementor-widget-container\">\n\t\t\t\t\t<h3 class=\"elementor-heading-title elementor-size-default\">\u00bfPor qu\u00e9 elegir MVP Plumbing para trabajos de l\u00edneas de gas?<\/h3>\t\t\t\t<\/div>\n\t\t\t\t<\/div>\n\t\t\t\t<div class=\"elementor-element elementor-element-2d91e78 elementor-widget__width-initial elementor-widget elementor-widget-text-editor\" data-id=\"2d91e78\" data-element_type=\"widget\" data-e-type=\"widget\" data-widget_type=\"text-editor.default\">\n\t\t\t\t<div class=\"elementor-widget-container\">\n\t\t\t\t\t\t\t\t\t<ul data-pos=\"1628\"><li data-pos=\"1628\"><strong data-pos=\"1632\">Con licencia y experiencia<\/strong>\u00a0\u2013 Nuestros t\u00e9cnicos est\u00e1n totalmente autorizados y capacitados en sistemas de gas residenciales y comerciales.<\/li><li data-pos=\"1754\"><strong data-pos=\"1758\">Seguridad ante todo<\/strong>\u00a0\u2013 Seguimos todos los c\u00f3digos locales y regulaciones de seguridad para proteger su propiedad y su familia.<\/li><li data-pos=\"1861\"><strong data-pos=\"1865\">Respuesta r\u00e1pida a emergencias<\/strong>\u00a0Las fugas de gas no pueden esperar. Por eso estamos disponibles 24\/7 para atender cualquier urgencia.<\/li><li data-pos=\"1972\"><strong data-pos=\"1976\">Local y de confianza<\/strong>\u00a0\u2013 Sirviendo a Joplin y las comunidades aleda\u00f1as con un servicio de plomer\u00eda honesto y confiable.<\/li><\/ul>\t\t\t\t\t\t\t\t<\/div>\n\t\t\t\t<\/div>\n\t\t\t\t\t<\/div>\n\t\t<\/div>\n\t\t\t\t<div class=\"elementor-column elementor-col-50 elementor-top-column elementor-element elementor-element-4292fa8\" data-id=\"4292fa8\" data-element_type=\"column\" data-e-type=\"column\" data-settings=\"{&quot;background_background&quot;:&quot;classic&quot;}\">\n\t\t\t<div class=\"elementor-widget-wrap elementor-element-populated\">\n\t\t\t\t\t\t<div class=\"elementor-element elementor-element-804dd32 elementor-widget elementor-widget-image\" data-id=\"804dd32\" data-element_type=\"widget\" data-e-type=\"widget\" data-widget_type=\"image.default\">\n\t\t\t\t<div class=\"elementor-widget-container\">\n\t\t\t\t\t\t\t\t\t\t\t\t\t\t\t<img fetchpriority=\"high\" decoding=\"async\" width=\"800\" height=\"534\" src=\"https:\/\/cdn.webnamesandnumbers.com\/wp-content\/uploads\/sites\/100\/2025\/09\/22132429\/shutterstock_2306681563.jpg\" class=\"attachment-large size-large wp-image-470\" alt=\"\" srcset=\"https:\/\/cdn.webnamesandnumbers.com\/wp-content\/uploads\/sites\/100\/2025\/09\/22132429\/shutterstock_2306681563.jpg 1000w, https:\/\/cdn.webnamesandnumbers.com\/wp-content\/uploads\/sites\/100\/2025\/09\/22132429\/shutterstock_2306681563-300x200.jpg 300w, https:\/\/cdn.webnamesandnumbers.com\/wp-content\/uploads\/sites\/100\/2025\/09\/22132429\/shutterstock_2306681563-768x512.jpg 768w, https:\/\/cdn.webnamesandnumbers.com\/wp-content\/uploads\/sites\/100\/2025\/09\/22132429\/shutterstock_2306681563-18x12.jpg 18w\" sizes=\"(max-width: 800px) 100vw, 800px\" \/>\t\t\t\t\t\t\t\t\t\t\t\t\t\t\t<\/div>\n\t\t\t\t<\/div>\n\t\t\t\t\t<\/div>\n\t\t<\/div>\n\t\t\t\t\t<\/div>\n\t\t<\/section>\n\t\t\t\t<section class=\"elementor-section elementor-top-section elementor-element elementor-element-f48d994 elementor-section-full_width elementor-section-content-middle elementor-section-height-default elementor-section-height-default\" data-id=\"f48d994\" data-element_type=\"section\" data-e-type=\"section\" data-settings=\"{&quot;background_background&quot;:&quot;classic&quot;}\">\n\t\t\t\t\t\t<div class=\"elementor-container elementor-column-gap-no\">\n\t\t\t\t\t<div class=\"elementor-column elementor-col-50 elementor-top-column elementor-element elementor-element-1d1f244\" data-id=\"1d1f244\" data-element_type=\"column\" data-e-type=\"column\" data-settings=\"{&quot;background_background&quot;:&quot;classic&quot;}\">\n\t\t\t<div class=\"elementor-widget-wrap elementor-element-populated\">\n\t\t\t\t\t\t<div class=\"elementor-element elementor-element-2eeb2d8 elementor-widget elementor-widget-spacer\" data-id=\"2eeb2d8\" data-element_type=\"widget\" data-e-type=\"widget\" data-widget_type=\"spacer.default\">\n\t\t\t\t<div class=\"elementor-widget-container\">\n\t\t\t\t\t\t\t<div class=\"elementor-spacer\">\n\t\t\t<div class=\"elementor-spacer-inner\"><\/div>\n\t\t<\/div>\n\t\t\t\t\t\t<\/div>\n\t\t\t\t<\/div>\n\t\t\t\t\t<\/div>\n\t\t<\/div>\n\t\t\t\t<div class=\"elementor-column elementor-col-50 elementor-top-column elementor-element elementor-element-bc7bb11\" data-id=\"bc7bb11\" data-element_type=\"column\" data-e-type=\"column\">\n\t\t\t<div class=\"elementor-widget-wrap elementor-element-populated\">\n\t\t\t\t\t\t<div class=\"elementor-element elementor-element-1bc85b1 elementor-widget elementor-widget-text-editor\" data-id=\"1bc85b1\" data-element_type=\"widget\" data-e-type=\"widget\" data-widget_type=\"text-editor.default\">\n\t\t\t\t<div class=\"elementor-widget-container\">\n\t\t\t\t\t\t\t\t\t<h2 id=\"your-reliable-gas-line-experts\" style=\"text-align: center;\" tabindex=\"-1\" data-pos=\"2089\"><strong>Sus expertos confiables en l\u00edneas de gas<\/strong><\/h2><p data-pos=\"2121\">Cuando se trata de servicios de tuber\u00edas de gas, necesita un equipo confiable. En MVP Plumbing, combinamos experiencia t\u00e9cnica, tiempos de respuesta r\u00e1pidos y un firme compromiso con la seguridad, lo que nos convierte en la opci\u00f3n predilecta para propietarios de viviendas y negocios en Joplin. Nos tomamos el tiempo para evaluar sus necesidades espec\u00edficas y ofrecemos soluciones claras, honestas y eficaces. Ya sea una nueva instalaci\u00f3n, una inspecci\u00f3n de rutina o una reparaci\u00f3n de emergencia, estamos aqu\u00ed para mantener su sistema de gas funcionando de forma segura y eficiente.<\/p>\t\t\t\t\t\t\t\t<\/div>\n\t\t\t\t<\/div>\n\t\t\t\t<div class=\"elementor-element elementor-element-4cf169d elementor-widget elementor-widget-heading\" data-id=\"4cf169d\" data-element_type=\"widget\" data-e-type=\"widget\" data-widget_type=\"heading.default\">\n\t\t\t\t<div class=\"elementor-widget-container\">\n\t\t\t\t\t<h3 class=\"elementor-heading-title elementor-size-default\">\u00bfHuele a gas? Llame ahora. <\/h3>\t\t\t\t<\/div>\n\t\t\t\t<\/div>\n\t\t\t\t<div class=\"elementor-element elementor-element-6f0d787 elementor-widget__width-initial elementor-widget elementor-widget-text-editor\" data-id=\"6f0d787\" data-element_type=\"widget\" data-e-type=\"widget\" data-widget_type=\"text-editor.default\">\n\t\t\t\t<div class=\"elementor-widget-container\">\n\t\t\t\t\t\t\t\t\t<p>Si sospecha que hay una fuga de gas o necesita una nueva instalaci\u00f3n, no espere. Contacte hoy mismo con MVP Plumbing para obtener un servicio de tuber\u00edas de gas r\u00e1pido y profesional en el que puede confiar. Su r\u00e1pida reacci\u00f3n puede evitar riesgos graves: deje que nuestros expertos certificados se encarguen de ello de forma segura y eficiente.<\/p>\t\t\t\t\t\t\t\t<\/div>\n\t\t\t\t<\/div>\n\t\t\t\t\t<\/div>\n\t\t<\/div>\n\t\t\t\t\t<\/div>\n\t\t<\/section>\n\t\t\t\t<\/div>","protected":false},"excerpt":{"rendered":"<p>Professional Gas Line Services At MVP Plumbing, your safety is our top priority. We provide expert gas line installation, repair, and maintenance for homes and businesses in the Joplin area. Whether you use natural gas or propane, our licensed professionals are trained to handle gas systems with precision and care. We ensure every gas line [&hellip;]<\/p>\n","protected":false},"author":13,"featured_media":0,"parent":0,"menu_order":0,"comment_status":"closed","ping_status":"closed","template":"elementor_header_footer","meta":{"footnotes":""},"class_list":["post-457","page","type-page","status-publish","hentry"],"yoast_head":"<!-- This site is optimized with the Yoast SEO plugin v27.3 - https:\/\/yoast.com\/product\/yoast-seo-wordpress\/ -->\n<title>Gas Line Service in Joplin, MO | Installation, Repair &amp; Emergency \u2013 MVP Plumbing<\/title>\n<meta name=\"description\" content=\"Licensed gas line repair and installation in Joplin, MO. MVP Plumbing offers safe, reliable propane and natural gas services\u2014available 24\/7 for emergencies.\" \/>\n<meta name=\"robots\" content=\"index, follow, max-snippet:-1, max-image-preview:large, max-video-preview:-1\" \/>\n<link rel=\"canonical\" href=\"https:\/\/www.mvpplumbingjoplin.com\/es\/gas-line-service\/\" \/>\n<meta property=\"og:locale\" content=\"es_MX\" \/>\n<meta property=\"og:type\" content=\"article\" \/>\n<meta property=\"og:title\" content=\"Gas Line Service in Joplin, MO | Installation, Repair &amp; Emergency \u2013 MVP Plumbing\" \/>\n<meta property=\"og:description\" content=\"Licensed gas line repair and installation in Joplin, MO. MVP Plumbing offers safe, reliable propane and natural gas services\u2014available 24\/7 for emergencies.\" \/>\n<meta property=\"og:url\" content=\"https:\/\/www.mvpplumbingjoplin.com\/es\/gas-line-service\/\" \/>\n<meta property=\"og:site_name\" content=\"MVP Plumbing LLC\" \/>\n<meta property=\"article:modified_time\" content=\"2025-09-22T13:26:49+00:00\" \/>\n<meta property=\"og:image\" content=\"https:\/\/www.mvpplumbingjoplin.com\/wp-content\/uploads\/sites\/100\/2025\/09\/shutterstock_2306681563.jpg\" \/>\n<meta name=\"twitter:card\" content=\"summary_large_image\" \/>\n<meta name=\"twitter:label1\" content=\"Tiempo de lectura\" \/>\n\t<meta name=\"twitter:data1\" content=\"2 minutos\" \/>\n<script type=\"application\/ld+json\" class=\"yoast-schema-graph\">{\"@context\":\"https:\\\/\\\/schema.org\",\"@graph\":[{\"@type\":\"WebPage\",\"@id\":\"https:\\\/\\\/www.mvpplumbingjoplin.com\\\/gas-line-service\\\/\",\"url\":\"https:\\\/\\\/www.mvpplumbingjoplin.com\\\/gas-line-service\\\/\",\"name\":\"Gas Line Service in Joplin, MO | Installation, Repair & Emergency \u2013 MVP Plumbing\",\"isPartOf\":{\"@id\":\"https:\\\/\\\/www.mvpplumbingjoplin.com\\\/#website\"},\"primaryImageOfPage\":{\"@id\":\"https:\\\/\\\/www.mvpplumbingjoplin.com\\\/gas-line-service\\\/#primaryimage\"},\"image\":{\"@id\":\"https:\\\/\\\/www.mvpplumbingjoplin.com\\\/gas-line-service\\\/#primaryimage\"},\"thumbnailUrl\":\"https:\\\/\\\/www.mvpplumbingjoplin.com\\\/wp-content\\\/uploads\\\/sites\\\/100\\\/2025\\\/09\\\/shutterstock_2306681563.jpg\",\"datePublished\":\"2025-09-22T13:23:13+00:00\",\"dateModified\":\"2025-09-22T13:26:49+00:00\",\"description\":\"Licensed gas line repair and installation in Joplin, MO. MVP Plumbing offers safe, reliable propane and natural gas services\u2014available 24\\\/7 for emergencies.\",\"breadcrumb\":{\"@id\":\"https:\\\/\\\/www.mvpplumbingjoplin.com\\\/gas-line-service\\\/#breadcrumb\"},\"inLanguage\":\"es\",\"potentialAction\":[{\"@type\":\"ReadAction\",\"target\":[\"https:\\\/\\\/www.mvpplumbingjoplin.com\\\/gas-line-service\\\/\"]}]},{\"@type\":\"ImageObject\",\"inLanguage\":\"es\",\"@id\":\"https:\\\/\\\/www.mvpplumbingjoplin.com\\\/gas-line-service\\\/#primaryimage\",\"url\":\"https:\\\/\\\/www.mvpplumbingjoplin.com\\\/wp-content\\\/uploads\\\/sites\\\/100\\\/2025\\\/09\\\/shutterstock_2306681563.jpg\",\"contentUrl\":\"https:\\\/\\\/www.mvpplumbingjoplin.com\\\/wp-content\\\/uploads\\\/sites\\\/100\\\/2025\\\/09\\\/shutterstock_2306681563.jpg\"},{\"@type\":\"BreadcrumbList\",\"@id\":\"https:\\\/\\\/www.mvpplumbingjoplin.com\\\/gas-line-service\\\/#breadcrumb\",\"itemListElement\":[{\"@type\":\"ListItem\",\"position\":1,\"name\":\"Home\",\"item\":\"https:\\\/\\\/www.mvpplumbingjoplin.com\\\/\"},{\"@type\":\"ListItem\",\"position\":2,\"name\":\"GAS LINE SERVICE\"}]},{\"@type\":\"WebSite\",\"@id\":\"https:\\\/\\\/www.mvpplumbingjoplin.com\\\/#website\",\"url\":\"https:\\\/\\\/www.mvpplumbingjoplin.com\\\/\",\"name\":\"MVP Plumbing LLC\",\"description\":\"Plumbing Services Where You Are The MVP!\",\"publisher\":{\"@id\":\"https:\\\/\\\/www.mvpplumbingjoplin.com\\\/#organization\"},\"potentialAction\":[{\"@type\":\"SearchAction\",\"target\":{\"@type\":\"EntryPoint\",\"urlTemplate\":\"https:\\\/\\\/www.mvpplumbingjoplin.com\\\/?s={search_term_string}\"},\"query-input\":{\"@type\":\"PropertyValueSpecification\",\"valueRequired\":true,\"valueName\":\"search_term_string\"}}],\"inLanguage\":\"es\"},{\"@type\":\"Organization\",\"@id\":\"https:\\\/\\\/www.mvpplumbingjoplin.com\\\/#organization\",\"name\":\"MVP Plumbing LLC\",\"url\":\"https:\\\/\\\/www.mvpplumbingjoplin.com\\\/\",\"logo\":{\"@type\":\"ImageObject\",\"inLanguage\":\"es\",\"@id\":\"https:\\\/\\\/www.mvpplumbingjoplin.com\\\/#\\\/schema\\\/logo\\\/image\\\/\",\"url\":\"https:\\\/\\\/cdn.webnamesandnumbers.com\\\/wp-content\\\/uploads\\\/sites\\\/100\\\/2023\\\/02\\\/27191957\\\/MVP-PLUMBING.png\",\"contentUrl\":\"https:\\\/\\\/cdn.webnamesandnumbers.com\\\/wp-content\\\/uploads\\\/sites\\\/100\\\/2023\\\/02\\\/27191957\\\/MVP-PLUMBING.png\",\"width\":1000,\"height\":748,\"caption\":\"MVP Plumbing LLC\"},\"image\":{\"@id\":\"https:\\\/\\\/www.mvpplumbingjoplin.com\\\/#\\\/schema\\\/logo\\\/image\\\/\"}}]}<\/script>\n<!-- \/ Yoast SEO plugin. -->","yoast_head_json":{"title":"Gas Line Service in Joplin, MO | Installation, Repair & Emergency \u2013 MVP Plumbing","description":"Licensed gas line repair and installation in Joplin, MO. MVP Plumbing offers safe, reliable propane and natural gas services\u2014available 24\/7 for emergencies.","robots":{"index":"index","follow":"follow","max-snippet":"max-snippet:-1","max-image-preview":"max-image-preview:large","max-video-preview":"max-video-preview:-1"},"canonical":"https:\/\/www.mvpplumbingjoplin.com\/es\/gas-line-service\/","og_locale":"es_MX","og_type":"article","og_title":"Gas Line Service in Joplin, MO | Installation, Repair & Emergency \u2013 MVP Plumbing","og_description":"Licensed gas line repair and installation in Joplin, MO. MVP Plumbing offers safe, reliable propane and natural gas services\u2014available 24\/7 for emergencies.","og_url":"https:\/\/www.mvpplumbingjoplin.com\/es\/gas-line-service\/","og_site_name":"MVP Plumbing LLC","article_modified_time":"2025-09-22T13:26:49+00:00","og_image":[{"url":"https:\/\/www.mvpplumbingjoplin.com\/wp-content\/uploads\/sites\/100\/2025\/09\/shutterstock_2306681563.jpg","type":"","width":"","height":""}],"twitter_card":"summary_large_image","twitter_misc":{"Tiempo de lectura":"2 minutos"},"schema":{"@context":"https:\/\/schema.org","@graph":[{"@type":"WebPage","@id":"https:\/\/www.mvpplumbingjoplin.com\/gas-line-service\/","url":"https:\/\/www.mvpplumbingjoplin.com\/gas-line-service\/","name":"Gas Line Service in Joplin, MO | Installation, Repair & Emergency \u2013 MVP Plumbing","isPartOf":{"@id":"https:\/\/www.mvpplumbingjoplin.com\/#website"},"primaryImageOfPage":{"@id":"https:\/\/www.mvpplumbingjoplin.com\/gas-line-service\/#primaryimage"},"image":{"@id":"https:\/\/www.mvpplumbingjoplin.com\/gas-line-service\/#primaryimage"},"thumbnailUrl":"https:\/\/www.mvpplumbingjoplin.com\/wp-content\/uploads\/sites\/100\/2025\/09\/shutterstock_2306681563.jpg","datePublished":"2025-09-22T13:23:13+00:00","dateModified":"2025-09-22T13:26:49+00:00","description":"Licensed gas line repair and installation in Joplin, MO. MVP Plumbing offers safe, reliable propane and natural gas services\u2014available 24\/7 for emergencies.","breadcrumb":{"@id":"https:\/\/www.mvpplumbingjoplin.com\/gas-line-service\/#breadcrumb"},"inLanguage":"es","potentialAction":[{"@type":"ReadAction","target":["https:\/\/www.mvpplumbingjoplin.com\/gas-line-service\/"]}]},{"@type":"ImageObject","inLanguage":"es","@id":"https:\/\/www.mvpplumbingjoplin.com\/gas-line-service\/#primaryimage","url":"https:\/\/www.mvpplumbingjoplin.com\/wp-content\/uploads\/sites\/100\/2025\/09\/shutterstock_2306681563.jpg","contentUrl":"https:\/\/www.mvpplumbingjoplin.com\/wp-content\/uploads\/sites\/100\/2025\/09\/shutterstock_2306681563.jpg"},{"@type":"BreadcrumbList","@id":"https:\/\/www.mvpplumbingjoplin.com\/gas-line-service\/#breadcrumb","itemListElement":[{"@type":"ListItem","position":1,"name":"Home","item":"https:\/\/www.mvpplumbingjoplin.com\/"},{"@type":"ListItem","position":2,"name":"GAS LINE SERVICE"}]},{"@type":"WebSite","@id":"https:\/\/www.mvpplumbingjoplin.com\/#website","url":"https:\/\/www.mvpplumbingjoplin.com\/","name":"MVP Plomer\u00eda LLC","description":"Servicios de Plomer\u00eda \u00a1Donde T\u00fa Eres el MVP!","publisher":{"@id":"https:\/\/www.mvpplumbingjoplin.com\/#organization"},"potentialAction":[{"@type":"SearchAction","target":{"@type":"EntryPoint","urlTemplate":"https:\/\/www.mvpplumbingjoplin.com\/?s={search_term_string}"},"query-input":{"@type":"PropertyValueSpecification","valueRequired":true,"valueName":"search_term_string"}}],"inLanguage":"es"},{"@type":"Organization","@id":"https:\/\/www.mvpplumbingjoplin.com\/#organization","name":"MVP Plomer\u00eda LLC","url":"https:\/\/www.mvpplumbingjoplin.com\/","logo":{"@type":"ImageObject","inLanguage":"es","@id":"https:\/\/www.mvpplumbingjoplin.com\/#\/schema\/logo\/image\/","url":"https:\/\/cdn.webnamesandnumbers.com\/wp-content\/uploads\/sites\/100\/2023\/02\/27191957\/MVP-PLUMBING.png","contentUrl":"https:\/\/cdn.webnamesandnumbers.com\/wp-content\/uploads\/sites\/100\/2023\/02\/27191957\/MVP-PLUMBING.png","width":1000,"height":748,"caption":"MVP Plumbing LLC"},"image":{"@id":"https:\/\/www.mvpplumbingjoplin.com\/#\/schema\/logo\/image\/"}}]}},"_links":{"self":[{"href":"https:\/\/www.mvpplumbingjoplin.com\/es\/wp-json\/wp\/v2\/pages\/457","targetHints":{"allow":["GET"]}}],"collection":[{"href":"https:\/\/www.mvpplumbingjoplin.com\/es\/wp-json\/wp\/v2\/pages"}],"about":[{"href":"https:\/\/www.mvpplumbingjoplin.com\/es\/wp-json\/wp\/v2\/types\/page"}],"author":[{"embeddable":true,"href":"https:\/\/www.mvpplumbingjoplin.com\/es\/wp-json\/wp\/v2\/users\/13"}],"replies":[{"embeddable":true,"href":"https:\/\/www.mvpplumbingjoplin.com\/es\/wp-json\/wp\/v2\/comments?post=457"}],"version-history":[{"count":13,"href":"https:\/\/www.mvpplumbingjoplin.com\/es\/wp-json\/wp\/v2\/pages\/457\/revisions"}],"predecessor-version":[{"id":474,"href":"https:\/\/www.mvpplumbingjoplin.com\/es\/wp-json\/wp\/v2\/pages\/457\/revisions\/474"}],"wp:attachment":[{"href":"https:\/\/www.mvpplumbingjoplin.com\/es\/wp-json\/wp\/v2\/media?parent=457"}],"curies":[{"name":"gracias","href":"https:\/\/api.w.org\/{rel}","templated":true}]}}