{"id":476,"date":"2025-09-24T12:43:45","date_gmt":"2025-09-24T12:43:45","guid":{"rendered":"https:\/\/www.mvpplumbingjoplin.com\/?page_id=476"},"modified":"2025-09-24T12:47:06","modified_gmt":"2025-09-24T12:47:06","slug":"water-softener-service-in-joplin-mo","status":"publish","type":"page","link":"https:\/\/www.mvpplumbingjoplin.com\/es\/water-softener-service-in-joplin-mo\/","title":{"rendered":"Servicio de ablandamiento de agua en Joplin, MO"},"content":{"rendered":"<div data-elementor-type=\"wp-page\" data-elementor-id=\"476\" class=\"elementor elementor-476\" data-elementor-post-type=\"page\">\n\t\t\t\t\t\t<section class=\"elementor-section elementor-top-section elementor-element elementor-element-6cf56d4 elementor-section-boxed elementor-section-height-default elementor-section-height-default\" data-id=\"6cf56d4\" data-element_type=\"section\" data-e-type=\"section\" data-settings=\"{&quot;background_background&quot;:&quot;classic&quot;}\">\n\t\t\t\t\t\t\t<div class=\"elementor-background-overlay\"><\/div>\n\t\t\t\t\t\t\t<div class=\"elementor-container elementor-column-gap-default\">\n\t\t\t\t\t<div class=\"elementor-column elementor-col-100 elementor-top-column elementor-element elementor-element-86cbac5\" data-id=\"86cbac5\" data-element_type=\"column\" data-e-type=\"column\">\n\t\t\t<div class=\"elementor-widget-wrap elementor-element-populated\">\n\t\t\t\t\t\t<div class=\"elementor-element elementor-element-5c7af36 elementor-widget elementor-widget-heading\" data-id=\"5c7af36\" data-element_type=\"widget\" data-e-type=\"widget\" data-widget_type=\"heading.default\">\n\t\t\t\t<div class=\"elementor-widget-container\">\n\t\t\t\t\t<h1 class=\"elementor-heading-title elementor-size-default\">Servicio de ablandamiento de agua en Joplin, MO<\/h1>\t\t\t\t<\/div>\n\t\t\t\t<\/div>\n\t\t\t\t\t<\/div>\n\t\t<\/div>\n\t\t\t\t\t<\/div>\n\t\t<\/section>\n\t\t\t\t<section class=\"elementor-section elementor-top-section elementor-element elementor-element-ee6f4d5 elementor-section-full_width elementor-section-content-middle elementor-section-height-default elementor-section-height-default\" data-id=\"ee6f4d5\" data-element_type=\"section\" data-e-type=\"section\" data-settings=\"{&quot;background_background&quot;:&quot;classic&quot;}\">\n\t\t\t\t\t\t<div class=\"elementor-container elementor-column-gap-no\">\n\t\t\t\t\t<div class=\"elementor-column elementor-col-50 elementor-top-column elementor-element elementor-element-be8de69\" data-id=\"be8de69\" data-element_type=\"column\" data-e-type=\"column\" data-settings=\"{&quot;background_background&quot;:&quot;classic&quot;}\">\n\t\t\t<div class=\"elementor-widget-wrap elementor-element-populated\">\n\t\t\t\t\t\t<div class=\"elementor-element elementor-element-f271954 elementor-widget elementor-widget-spacer\" data-id=\"f271954\" data-element_type=\"widget\" data-e-type=\"widget\" data-widget_type=\"spacer.default\">\n\t\t\t\t<div class=\"elementor-widget-container\">\n\t\t\t\t\t\t\t<div class=\"elementor-spacer\">\n\t\t\t<div class=\"elementor-spacer-inner\"><\/div>\n\t\t<\/div>\n\t\t\t\t\t\t<\/div>\n\t\t\t\t<\/div>\n\t\t\t\t\t<\/div>\n\t\t<\/div>\n\t\t\t\t<div class=\"elementor-column elementor-col-50 elementor-top-column elementor-element elementor-element-d073b73\" data-id=\"d073b73\" data-element_type=\"column\" data-e-type=\"column\">\n\t\t\t<div class=\"elementor-widget-wrap elementor-element-populated\">\n\t\t\t\t\t\t<div class=\"elementor-element elementor-element-cb0233e elementor-widget elementor-widget-text-editor\" data-id=\"cb0233e\" data-element_type=\"widget\" data-e-type=\"widget\" data-widget_type=\"text-editor.default\">\n\t\t\t\t<div class=\"elementor-widget-container\">\n\t\t\t\t\t\t\t\t\t<p data-pos=\"613\">Bienvenido a MVP Plumbing LLC, su proveedor local de confianza para el servicio de suavizadores de agua en Joplin, MO. Atendemos a clientes residenciales, comerciales e industriales en Joplin y las comunidades aleda\u00f1as. Nuestro equipo, con licencia, fianza y seguro, le brinda atenci\u00f3n r\u00e1pida y experta para todas sus necesidades de suavizado de agua.<\/p>\t\t\t\t\t\t\t\t<\/div>\n\t\t\t\t<\/div>\n\t\t\t\t<div class=\"elementor-element elementor-element-6b9f4a9 elementor-widget elementor-widget-heading\" data-id=\"6b9f4a9\" data-element_type=\"widget\" data-e-type=\"widget\" data-widget_type=\"heading.default\">\n\t\t\t\t<div class=\"elementor-widget-container\">\n\t\t\t\t\t<h3 class=\"elementor-heading-title elementor-size-default\">Su socio de confianza en plomer\u00eda<\/h3>\t\t\t\t<\/div>\n\t\t\t\t<\/div>\n\t\t\t\t<div class=\"elementor-element elementor-element-e1a8b88 elementor-widget elementor-widget-text-editor\" data-id=\"e1a8b88\" data-element_type=\"widget\" data-e-type=\"widget\" data-widget_type=\"text-editor.default\">\n\t\t\t\t<div class=\"elementor-widget-container\">\n\t\t\t\t\t\t\t\t\t<ul data-pos=\"948\"><li data-pos=\"948\"><strong data-pos=\"952\">Experiencia integral:<\/strong>\u00a0Desde instalaciones y reparaciones hasta mantenimiento preventivo, nuestros t\u00e9cnicos manejan todo tipo de sistemas de ablandamiento de agua con confianza y precisi\u00f3n.<\/li><li data-pos=\"1130\"><strong data-pos=\"1134\">Enfoque centrado en el cliente:<\/strong>\u00a0Ofrecemos precios transparentes, un servicio atento y soluciones personalizadas: solucionamos los problemas de agua dura de forma r\u00e1pida y eficaz.<\/li><li data-pos=\"1290\"><strong data-pos=\"1294\">Servicio de emergencia 24\/7:<\/strong>\u00a0Los problemas con el descalcificador de agua no siempre ocurren en horario laboral. Por eso, estamos disponibles las 24 horas para brindarle un servicio confiable y a pedido cuando m\u00e1s lo necesite.<\/li><li data-pos=\"1491\"><strong data-pos=\"1495\">De propiedad local y centrado en la comunidad:<\/strong>\u00a0Como empresa con sede en Joplin, entendemos las condiciones del agua local y estamos orgullosos de servir a nuestros vecinos con honestidad e integridad.<\/li><\/ul>\t\t\t\t\t\t\t\t<\/div>\n\t\t\t\t<\/div>\n\t\t\t\t\t<\/div>\n\t\t<\/div>\n\t\t\t\t\t<\/div>\n\t\t<\/section>\n\t\t\t\t<section class=\"elementor-section elementor-top-section elementor-element elementor-element-45b04eb elementor-section-full_width elementor-section-height-default elementor-section-height-default\" data-id=\"45b04eb\" data-element_type=\"section\" data-e-type=\"section\" data-settings=\"{&quot;background_background&quot;:&quot;classic&quot;}\">\n\t\t\t\t\t\t<div class=\"elementor-container elementor-column-gap-default\">\n\t\t\t\t\t<div class=\"elementor-column elementor-col-50 elementor-top-column elementor-element elementor-element-bc65560\" data-id=\"bc65560\" data-element_type=\"column\" data-e-type=\"column\">\n\t\t\t<div class=\"elementor-widget-wrap elementor-element-populated\">\n\t\t\t\t\t\t<div class=\"elementor-element elementor-element-37052d9 elementor-widget elementor-widget-heading\" data-id=\"37052d9\" data-element_type=\"widget\" data-e-type=\"widget\" data-widget_type=\"heading.default\">\n\t\t\t\t<div class=\"elementor-widget-container\">\n\t\t\t\t\t<h3 class=\"elementor-heading-title elementor-size-default\">Lo que ofrecemos para sus necesidades de ablandamiento de agua <\/h3>\t\t\t\t<\/div>\n\t\t\t\t<\/div>\n\t\t\t\t<div class=\"elementor-element elementor-element-83582a1 elementor-widget__width-initial elementor-widget elementor-widget-text-editor\" data-id=\"83582a1\" data-element_type=\"widget\" data-e-type=\"widget\" data-widget_type=\"text-editor.default\">\n\t\t\t\t<div class=\"elementor-widget-container\">\n\t\t\t\t\t\t\t\t\t<ul data-pos=\"1719\"><li data-pos=\"1719\"><strong data-pos=\"1723\">Configuraci\u00f3n y configuraci\u00f3n del sistema:<\/strong>\u00a0Instalaci\u00f3n precisa de suavizadores de agua modernos dise\u00f1ados para satisfacer las demandas espec\u00edficas de su propiedad.<\/li><li data-pos=\"1855\"><strong data-pos=\"1859\">Soluci\u00f3n de problemas y soluciones:<\/strong>\u00a0Soluciones r\u00e1pidas y efectivas para restaurar la funci\u00f3n y prolongar la vida \u00fatil de su sistema actual.<\/li><li data-pos=\"1977\"><strong data-pos=\"1981\">Cuidado continuo del sistema:<\/strong>\u00a0Mantenimiento de rutina para mantener su suavizante funcionando con m\u00e1xima eficiencia durante todo el a\u00f1o.<\/li><li data-pos=\"2085\"><strong data-pos=\"2089\">An\u00e1lisis de agua personalizado:<\/strong>\u00a0Informaci\u00f3n y recomendaciones de expertos basadas en la dureza del agua de su hogar y sus patrones de uso.<\/li><\/ul>\t\t\t\t\t\t\t\t<\/div>\n\t\t\t\t<\/div>\n\t\t\t\t\t<\/div>\n\t\t<\/div>\n\t\t\t\t<div class=\"elementor-column elementor-col-50 elementor-top-column elementor-element elementor-element-4f1565f\" data-id=\"4f1565f\" data-element_type=\"column\" data-e-type=\"column\" data-settings=\"{&quot;background_background&quot;:&quot;classic&quot;}\">\n\t\t\t<div class=\"elementor-widget-wrap elementor-element-populated\">\n\t\t\t\t\t\t<div class=\"elementor-element elementor-element-5ba534f elementor-widget elementor-widget-image\" data-id=\"5ba534f\" data-element_type=\"widget\" data-e-type=\"widget\" data-widget_type=\"image.default\">\n\t\t\t\t<div class=\"elementor-widget-container\">\n\t\t\t\t\t\t\t\t\t\t\t\t\t\t\t<img fetchpriority=\"high\" decoding=\"async\" width=\"800\" height=\"531\" src=\"https:\/\/cdn.webnamesandnumbers.com\/wp-content\/uploads\/sites\/100\/2025\/09\/24124527\/shutterstock_1551943565.jpg\" class=\"attachment-large size-large wp-image-486\" alt=\"\" srcset=\"https:\/\/cdn.webnamesandnumbers.com\/wp-content\/uploads\/sites\/100\/2025\/09\/24124527\/shutterstock_1551943565.jpg 1000w, https:\/\/cdn.webnamesandnumbers.com\/wp-content\/uploads\/sites\/100\/2025\/09\/24124527\/shutterstock_1551943565-300x199.jpg 300w, https:\/\/cdn.webnamesandnumbers.com\/wp-content\/uploads\/sites\/100\/2025\/09\/24124527\/shutterstock_1551943565-768x510.jpg 768w, https:\/\/cdn.webnamesandnumbers.com\/wp-content\/uploads\/sites\/100\/2025\/09\/24124527\/shutterstock_1551943565-18x12.jpg 18w\" sizes=\"(max-width: 800px) 100vw, 800px\" \/>\t\t\t\t\t\t\t\t\t\t\t\t\t\t\t<\/div>\n\t\t\t\t<\/div>\n\t\t\t\t\t<\/div>\n\t\t<\/div>\n\t\t\t\t\t<\/div>\n\t\t<\/section>\n\t\t\t\t<section class=\"elementor-section elementor-top-section elementor-element elementor-element-b3f7323 elementor-section-full_width elementor-section-height-default elementor-section-height-default\" data-id=\"b3f7323\" data-element_type=\"section\" data-e-type=\"section\" data-settings=\"{&quot;background_background&quot;:&quot;classic&quot;}\">\n\t\t\t\t\t\t<div class=\"elementor-container elementor-column-gap-default\">\n\t\t\t\t\t<div class=\"elementor-column elementor-col-100 elementor-top-column elementor-element elementor-element-862e8b6\" data-id=\"862e8b6\" data-element_type=\"column\" data-e-type=\"column\">\n\t\t\t<div class=\"elementor-widget-wrap elementor-element-populated\">\n\t\t\t\t\t\t<div class=\"elementor-element elementor-element-c61e4de elementor-widget elementor-widget-heading\" data-id=\"c61e4de\" data-element_type=\"widget\" data-e-type=\"widget\" data-widget_type=\"heading.default\">\n\t\t\t\t<div class=\"elementor-widget-container\">\n\t\t\t\t\t<h4 class=\"elementor-heading-title elementor-size-default\">Empiece a disfrutar de agua m\u00e1s suave hoy mismo<\/h4>\t\t\t\t<\/div>\n\t\t\t\t<\/div>\n\t\t\t\t<div class=\"elementor-element elementor-element-ed6c535 elementor-widget__width-initial elementor-widget elementor-widget-text-editor\" data-id=\"ed6c535\" data-element_type=\"widget\" data-e-type=\"widget\" data-widget_type=\"text-editor.default\">\n\t\t\t\t<div class=\"elementor-widget-container\">\n\t\t\t\t\t\t\t\t\t<p data-pos=\"917\">No permita que el agua dura interrumpa su vida diaria ni da\u00f1e su sistema de plomer\u00eda. Ya sea que est\u00e9 instalando una unidad nueva, necesite una reparaci\u00f3n o simplemente desee asesoramiento experto,\u00a0<strong data-pos=\"2410\">MVP Plomer\u00eda LLC<\/strong>\u00a0Estamos aqu\u00ed para ayudarle. Con un servicio r\u00e1pido, precios justos y resultados comprobados, somos su proveedor confiable de soluciones de descalcificaci\u00f3n de agua en Joplin y alrededores.<\/p>\t\t\t\t\t\t\t\t<\/div>\n\t\t\t\t<\/div>\n\t\t\t\t<div class=\"elementor-element elementor-element-ab0c61d elementor-widget__width-initial elementor-widget elementor-widget-text-editor\" data-id=\"ab0c61d\" data-element_type=\"widget\" data-e-type=\"widget\" data-widget_type=\"text-editor.default\">\n\t\t\t\t<div class=\"elementor-widget-container\">\n\t\t\t\t\t\t\t\t\t<h2 id=\"lets-improve-your-water-quality-today\" tabindex=\"-1\" data-pos=\"2596\"><strong>Mejoremos la calidad de su agua hoy\u00a0<\/strong><\/h2>\t\t\t\t\t\t\t\t<\/div>\n\t\t\t\t<\/div>\n\t\t\t\t<div class=\"elementor-element elementor-element-e8b86bd elementor-widget__width-initial elementor-widget elementor-widget-text-editor\" data-id=\"e8b86bd\" data-element_type=\"widget\" data-e-type=\"widget\" data-widget_type=\"text-editor.default\">\n\t\t\t\t<div class=\"elementor-widget-container\">\n\t\t\t\t\t\t\t\t\t<p data-pos=\"2636\">Ya sea que necesite instalar un sistema nuevo o reparar uno existente, MVP Plumbing LLC est\u00e1 aqu\u00ed para ayudarle. Nuestros t\u00e9cnicos experimentados, nuestro servicio atento y nuestro compromiso con la calidad nos convierten en la mejor opci\u00f3n para soluciones de descalcificaci\u00f3n de agua en Joplin, MO.<\/p><p data-pos=\"2882\">Cont\u00e1ctenos hoy para un presupuesto gratuito y d\u00e9 el primer paso hacia un agua m\u00e1s suave y limpia en su hogar o negocio.<\/p>\t\t\t\t\t\t\t\t<\/div>\n\t\t\t\t<\/div>\n\t\t\t\t\t<\/div>\n\t\t<\/div>\n\t\t\t\t\t<\/div>\n\t\t<\/section>\n\t\t\t\t<\/div>","protected":false},"excerpt":{"rendered":"<p>Water Softener Service in Joplin, MO Welcome to MVP Plumbing LLC, your trusted local provider for water softener service in Joplin, MO. Serving residential, commercial, and industrial clients across Joplin and surrounding communities, our licensed, bonded, and insured team delivers prompt, expert care for all your water softening needs. Your Go-To Plumbing Partner Comprehensive Expertise:\u00a0From [&hellip;]<\/p>\n","protected":false},"author":13,"featured_media":0,"parent":0,"menu_order":0,"comment_status":"closed","ping_status":"closed","template":"elementor_header_footer","meta":{"footnotes":""},"class_list":["post-476","page","type-page","status-publish","hentry"],"yoast_head":"<!-- This site is optimized with the Yoast SEO plugin v27.3 - https:\/\/yoast.com\/product\/yoast-seo-wordpress\/ -->\n<title>Reliable Water Softener Service in Joplin, MO | MVP Plumbing LLC<\/title>\n<meta name=\"description\" content=\"Looking for expert water softener service in Joplin, MO? MVP Plumbing LLC offers professional installation, repair, and maintenance\u2014prompt, affordable, and trusted since 2003.\" \/>\n<meta name=\"robots\" content=\"index, follow, max-snippet:-1, max-image-preview:large, max-video-preview:-1\" \/>\n<link rel=\"canonical\" href=\"https:\/\/www.mvpplumbingjoplin.com\/es\/water-softener-service-in-joplin-mo\/\" \/>\n<meta property=\"og:locale\" content=\"es_MX\" \/>\n<meta property=\"og:type\" content=\"article\" \/>\n<meta property=\"og:title\" content=\"Reliable Water Softener Service in Joplin, MO | MVP Plumbing LLC\" \/>\n<meta property=\"og:description\" content=\"Looking for expert water softener service in Joplin, MO? MVP Plumbing LLC offers professional installation, repair, and maintenance\u2014prompt, affordable, and trusted since 2003.\" \/>\n<meta property=\"og:url\" content=\"https:\/\/www.mvpplumbingjoplin.com\/es\/water-softener-service-in-joplin-mo\/\" \/>\n<meta property=\"og:site_name\" content=\"MVP Plumbing LLC\" \/>\n<meta property=\"article:modified_time\" content=\"2025-09-24T12:47:06+00:00\" \/>\n<meta property=\"og:image\" content=\"https:\/\/www.mvpplumbingjoplin.com\/wp-content\/uploads\/sites\/100\/2025\/09\/shutterstock_1551943565.jpg\" \/>\n<meta name=\"twitter:card\" content=\"summary_large_image\" \/>\n<meta name=\"twitter:label1\" content=\"Tiempo de lectura\" \/>\n\t<meta name=\"twitter:data1\" content=\"2 minutos\" \/>\n<script type=\"application\/ld+json\" class=\"yoast-schema-graph\">{\"@context\":\"https:\\\/\\\/schema.org\",\"@graph\":[{\"@type\":\"WebPage\",\"@id\":\"https:\\\/\\\/www.mvpplumbingjoplin.com\\\/water-softener-service-in-joplin-mo\\\/\",\"url\":\"https:\\\/\\\/www.mvpplumbingjoplin.com\\\/water-softener-service-in-joplin-mo\\\/\",\"name\":\"Reliable Water Softener Service in Joplin, MO | MVP Plumbing LLC\",\"isPartOf\":{\"@id\":\"https:\\\/\\\/www.mvpplumbingjoplin.com\\\/#website\"},\"primaryImageOfPage\":{\"@id\":\"https:\\\/\\\/www.mvpplumbingjoplin.com\\\/water-softener-service-in-joplin-mo\\\/#primaryimage\"},\"image\":{\"@id\":\"https:\\\/\\\/www.mvpplumbingjoplin.com\\\/water-softener-service-in-joplin-mo\\\/#primaryimage\"},\"thumbnailUrl\":\"https:\\\/\\\/www.mvpplumbingjoplin.com\\\/wp-content\\\/uploads\\\/sites\\\/100\\\/2025\\\/09\\\/shutterstock_1551943565.jpg\",\"datePublished\":\"2025-09-24T12:43:45+00:00\",\"dateModified\":\"2025-09-24T12:47:06+00:00\",\"description\":\"Looking for expert water softener service in Joplin, MO? MVP Plumbing LLC offers professional installation, repair, and maintenance\u2014prompt, affordable, and trusted since 2003.\",\"breadcrumb\":{\"@id\":\"https:\\\/\\\/www.mvpplumbingjoplin.com\\\/water-softener-service-in-joplin-mo\\\/#breadcrumb\"},\"inLanguage\":\"es\",\"potentialAction\":[{\"@type\":\"ReadAction\",\"target\":[\"https:\\\/\\\/www.mvpplumbingjoplin.com\\\/water-softener-service-in-joplin-mo\\\/\"]}]},{\"@type\":\"ImageObject\",\"inLanguage\":\"es\",\"@id\":\"https:\\\/\\\/www.mvpplumbingjoplin.com\\\/water-softener-service-in-joplin-mo\\\/#primaryimage\",\"url\":\"https:\\\/\\\/www.mvpplumbingjoplin.com\\\/wp-content\\\/uploads\\\/sites\\\/100\\\/2025\\\/09\\\/shutterstock_1551943565.jpg\",\"contentUrl\":\"https:\\\/\\\/www.mvpplumbingjoplin.com\\\/wp-content\\\/uploads\\\/sites\\\/100\\\/2025\\\/09\\\/shutterstock_1551943565.jpg\"},{\"@type\":\"BreadcrumbList\",\"@id\":\"https:\\\/\\\/www.mvpplumbingjoplin.com\\\/water-softener-service-in-joplin-mo\\\/#breadcrumb\",\"itemListElement\":[{\"@type\":\"ListItem\",\"position\":1,\"name\":\"Home\",\"item\":\"https:\\\/\\\/www.mvpplumbingjoplin.com\\\/\"},{\"@type\":\"ListItem\",\"position\":2,\"name\":\"Water Softener Service in Joplin, MO\"}]},{\"@type\":\"WebSite\",\"@id\":\"https:\\\/\\\/www.mvpplumbingjoplin.com\\\/#website\",\"url\":\"https:\\\/\\\/www.mvpplumbingjoplin.com\\\/\",\"name\":\"MVP Plumbing LLC\",\"description\":\"Plumbing Services Where You Are The MVP!\",\"publisher\":{\"@id\":\"https:\\\/\\\/www.mvpplumbingjoplin.com\\\/#organization\"},\"potentialAction\":[{\"@type\":\"SearchAction\",\"target\":{\"@type\":\"EntryPoint\",\"urlTemplate\":\"https:\\\/\\\/www.mvpplumbingjoplin.com\\\/?s={search_term_string}\"},\"query-input\":{\"@type\":\"PropertyValueSpecification\",\"valueRequired\":true,\"valueName\":\"search_term_string\"}}],\"inLanguage\":\"es\"},{\"@type\":\"Organization\",\"@id\":\"https:\\\/\\\/www.mvpplumbingjoplin.com\\\/#organization\",\"name\":\"MVP Plumbing LLC\",\"url\":\"https:\\\/\\\/www.mvpplumbingjoplin.com\\\/\",\"logo\":{\"@type\":\"ImageObject\",\"inLanguage\":\"es\",\"@id\":\"https:\\\/\\\/www.mvpplumbingjoplin.com\\\/#\\\/schema\\\/logo\\\/image\\\/\",\"url\":\"https:\\\/\\\/cdn.webnamesandnumbers.com\\\/wp-content\\\/uploads\\\/sites\\\/100\\\/2023\\\/02\\\/27191957\\\/MVP-PLUMBING.png\",\"contentUrl\":\"https:\\\/\\\/cdn.webnamesandnumbers.com\\\/wp-content\\\/uploads\\\/sites\\\/100\\\/2023\\\/02\\\/27191957\\\/MVP-PLUMBING.png\",\"width\":1000,\"height\":748,\"caption\":\"MVP Plumbing LLC\"},\"image\":{\"@id\":\"https:\\\/\\\/www.mvpplumbingjoplin.com\\\/#\\\/schema\\\/logo\\\/image\\\/\"}}]}<\/script>\n<!-- \/ Yoast SEO plugin. -->","yoast_head_json":{"title":"Servicio confiable de descalcificaci\u00f3n de agua en Joplin, MO | MVP Plumbing LLC","description":"\u00bfBusca un servicio experto de descalcificaci\u00f3n de agua en Joplin, MO? MVP Plumbing LLC ofrece instalaci\u00f3n, reparaci\u00f3n y mantenimiento profesionales: r\u00e1pidos, econ\u00f3micos y confiables desde 2003.","robots":{"index":"index","follow":"follow","max-snippet":"max-snippet:-1","max-image-preview":"max-image-preview:large","max-video-preview":"max-video-preview:-1"},"canonical":"https:\/\/www.mvpplumbingjoplin.com\/es\/water-softener-service-in-joplin-mo\/","og_locale":"es_MX","og_type":"article","og_title":"Reliable Water Softener Service in Joplin, MO | MVP Plumbing LLC","og_description":"Looking for expert water softener service in Joplin, MO? MVP Plumbing LLC offers professional installation, repair, and maintenance\u2014prompt, affordable, and trusted since 2003.","og_url":"https:\/\/www.mvpplumbingjoplin.com\/es\/water-softener-service-in-joplin-mo\/","og_site_name":"MVP Plumbing LLC","article_modified_time":"2025-09-24T12:47:06+00:00","og_image":[{"url":"https:\/\/www.mvpplumbingjoplin.com\/wp-content\/uploads\/sites\/100\/2025\/09\/shutterstock_1551943565.jpg","type":"","width":"","height":""}],"twitter_card":"summary_large_image","twitter_misc":{"Tiempo de lectura":"2 minutos"},"schema":{"@context":"https:\/\/schema.org","@graph":[{"@type":"WebPage","@id":"https:\/\/www.mvpplumbingjoplin.com\/water-softener-service-in-joplin-mo\/","url":"https:\/\/www.mvpplumbingjoplin.com\/water-softener-service-in-joplin-mo\/","name":"Servicio confiable de descalcificaci\u00f3n de agua en Joplin, MO | MVP Plumbing LLC","isPartOf":{"@id":"https:\/\/www.mvpplumbingjoplin.com\/#website"},"primaryImageOfPage":{"@id":"https:\/\/www.mvpplumbingjoplin.com\/water-softener-service-in-joplin-mo\/#primaryimage"},"image":{"@id":"https:\/\/www.mvpplumbingjoplin.com\/water-softener-service-in-joplin-mo\/#primaryimage"},"thumbnailUrl":"https:\/\/www.mvpplumbingjoplin.com\/wp-content\/uploads\/sites\/100\/2025\/09\/shutterstock_1551943565.jpg","datePublished":"2025-09-24T12:43:45+00:00","dateModified":"2025-09-24T12:47:06+00:00","description":"\u00bfBusca un servicio experto de descalcificaci\u00f3n de agua en Joplin, MO? MVP Plumbing LLC ofrece instalaci\u00f3n, reparaci\u00f3n y mantenimiento profesionales: r\u00e1pidos, econ\u00f3micos y confiables desde 2003.","breadcrumb":{"@id":"https:\/\/www.mvpplumbingjoplin.com\/water-softener-service-in-joplin-mo\/#breadcrumb"},"inLanguage":"es","potentialAction":[{"@type":"ReadAction","target":["https:\/\/www.mvpplumbingjoplin.com\/water-softener-service-in-joplin-mo\/"]}]},{"@type":"ImageObject","inLanguage":"es","@id":"https:\/\/www.mvpplumbingjoplin.com\/water-softener-service-in-joplin-mo\/#primaryimage","url":"https:\/\/www.mvpplumbingjoplin.com\/wp-content\/uploads\/sites\/100\/2025\/09\/shutterstock_1551943565.jpg","contentUrl":"https:\/\/www.mvpplumbingjoplin.com\/wp-content\/uploads\/sites\/100\/2025\/09\/shutterstock_1551943565.jpg"},{"@type":"BreadcrumbList","@id":"https:\/\/www.mvpplumbingjoplin.com\/water-softener-service-in-joplin-mo\/#breadcrumb","itemListElement":[{"@type":"ListItem","position":1,"name":"Home","item":"https:\/\/www.mvpplumbingjoplin.com\/"},{"@type":"ListItem","position":2,"name":"Water Softener Service in Joplin, MO"}]},{"@type":"WebSite","@id":"https:\/\/www.mvpplumbingjoplin.com\/#website","url":"https:\/\/www.mvpplumbingjoplin.com\/","name":"MVP Plomer\u00eda LLC","description":"Servicios de Plomer\u00eda \u00a1Donde T\u00fa Eres el MVP!","publisher":{"@id":"https:\/\/www.mvpplumbingjoplin.com\/#organization"},"potentialAction":[{"@type":"SearchAction","target":{"@type":"EntryPoint","urlTemplate":"https:\/\/www.mvpplumbingjoplin.com\/?s={search_term_string}"},"query-input":{"@type":"PropertyValueSpecification","valueRequired":true,"valueName":"search_term_string"}}],"inLanguage":"es"},{"@type":"Organization","@id":"https:\/\/www.mvpplumbingjoplin.com\/#organization","name":"MVP Plomer\u00eda LLC","url":"https:\/\/www.mvpplumbingjoplin.com\/","logo":{"@type":"ImageObject","inLanguage":"es","@id":"https:\/\/www.mvpplumbingjoplin.com\/#\/schema\/logo\/image\/","url":"https:\/\/cdn.webnamesandnumbers.com\/wp-content\/uploads\/sites\/100\/2023\/02\/27191957\/MVP-PLUMBING.png","contentUrl":"https:\/\/cdn.webnamesandnumbers.com\/wp-content\/uploads\/sites\/100\/2023\/02\/27191957\/MVP-PLUMBING.png","width":1000,"height":748,"caption":"MVP Plumbing LLC"},"image":{"@id":"https:\/\/www.mvpplumbingjoplin.com\/#\/schema\/logo\/image\/"}}]}},"_links":{"self":[{"href":"https:\/\/www.mvpplumbingjoplin.com\/es\/wp-json\/wp\/v2\/pages\/476","targetHints":{"allow":["GET"]}}],"collection":[{"href":"https:\/\/www.mvpplumbingjoplin.com\/es\/wp-json\/wp\/v2\/pages"}],"about":[{"href":"https:\/\/www.mvpplumbingjoplin.com\/es\/wp-json\/wp\/v2\/types\/page"}],"author":[{"embeddable":true,"href":"https:\/\/www.mvpplumbingjoplin.com\/es\/wp-json\/wp\/v2\/users\/13"}],"replies":[{"embeddable":true,"href":"https:\/\/www.mvpplumbingjoplin.com\/es\/wp-json\/wp\/v2\/comments?post=476"}],"version-history":[{"count":10,"href":"https:\/\/www.mvpplumbingjoplin.com\/es\/wp-json\/wp\/v2\/pages\/476\/revisions"}],"predecessor-version":[{"id":491,"href":"https:\/\/www.mvpplumbingjoplin.com\/es\/wp-json\/wp\/v2\/pages\/476\/revisions\/491"}],"wp:attachment":[{"href":"https:\/\/www.mvpplumbingjoplin.com\/es\/wp-json\/wp\/v2\/media?parent=476"}],"curies":[{"name":"gracias","href":"https:\/\/api.w.org\/{rel}","templated":true}]}}