{"id":8,"date":"2023-02-27T17:58:58","date_gmt":"2023-02-27T17:58:58","guid":{"rendered":"https:\/\/mvpplumbingjoplin.webnamesandnumbers.com\/?page_id=8"},"modified":"2023-02-28T20:51:09","modified_gmt":"2023-02-28T20:51:09","slug":"about","status":"publish","type":"page","link":"https:\/\/www.mvpplumbingjoplin.com\/es\/about\/","title":{"rendered":"Acerca de"},"content":{"rendered":"<div data-elementor-type=\"wp-page\" data-elementor-id=\"8\" class=\"elementor elementor-8\" data-elementor-post-type=\"page\">\n\t\t\t\t\t\t<section class=\"elementor-section elementor-top-section elementor-element elementor-element-69c323a elementor-section-boxed elementor-section-height-default elementor-section-height-default\" data-id=\"69c323a\" data-element_type=\"section\" data-e-type=\"section\" data-settings=\"{&quot;background_background&quot;:&quot;classic&quot;}\">\n\t\t\t\t\t\t\t<div class=\"elementor-background-overlay\"><\/div>\n\t\t\t\t\t\t\t<div class=\"elementor-container elementor-column-gap-default\">\n\t\t\t\t\t<div class=\"elementor-column elementor-col-100 elementor-top-column elementor-element elementor-element-18124e7\" data-id=\"18124e7\" data-element_type=\"column\" data-e-type=\"column\">\n\t\t\t<div class=\"elementor-widget-wrap elementor-element-populated\">\n\t\t\t\t\t\t<div class=\"elementor-element elementor-element-85c6a3d elementor-widget elementor-widget-heading\" data-id=\"85c6a3d\" data-element_type=\"widget\" data-e-type=\"widget\" data-widget_type=\"heading.default\">\n\t\t\t\t<div class=\"elementor-widget-container\">\n\t\t\t\t\t<h1 class=\"elementor-heading-title elementor-size-default\">MAESTRO FONTANERO<\/h1>\t\t\t\t<\/div>\n\t\t\t\t<\/div>\n\t\t\t\t\t<\/div>\n\t\t<\/div>\n\t\t\t\t\t<\/div>\n\t\t<\/section>\n\t\t\t\t<section class=\"elementor-section elementor-top-section elementor-element elementor-element-f49422f elementor-section-full_width elementor-reverse-tablet elementor-reverse-mobile elementor-section-height-default elementor-section-height-default\" data-id=\"f49422f\" data-element_type=\"section\" data-e-type=\"section\" data-settings=\"{&quot;background_background&quot;:&quot;classic&quot;}\">\n\t\t\t\t\t\t<div class=\"elementor-container elementor-column-gap-default\">\n\t\t\t\t\t<div class=\"elementor-column elementor-col-50 elementor-top-column elementor-element elementor-element-6156c19\" data-id=\"6156c19\" data-element_type=\"column\" data-e-type=\"column\">\n\t\t\t<div class=\"elementor-widget-wrap elementor-element-populated\">\n\t\t\t\t\t\t<div class=\"elementor-element elementor-element-7bb5096 elementor-widget elementor-widget-heading\" data-id=\"7bb5096\" data-element_type=\"widget\" data-e-type=\"widget\" data-widget_type=\"heading.default\">\n\t\t\t\t<div class=\"elementor-widget-container\">\n\t\t\t\t\t<h2 class=\"elementor-heading-title elementor-size-default\">SOBRE NOSOTROS<\/h2>\t\t\t\t<\/div>\n\t\t\t\t<\/div>\n\t\t\t\t<div class=\"elementor-element elementor-element-c72b9a2 elementor-widget elementor-widget-text-editor\" data-id=\"c72b9a2\" data-element_type=\"widget\" data-e-type=\"widget\" data-widget_type=\"text-editor.default\">\n\t\t\t\t<div class=\"elementor-widget-container\">\n\t\t\t\t\t\t\t\t\tMVP Plumbing LLC de Joplin, MO, es un plomero familiar de servicio completo. Nuestro equipo puede atender completamente sus necesidades de plomer\u00eda, sin importar el tama\u00f1o o el alcance del problema. MVP Plumbing LLC hace que nuestros principales servicios de plomer\u00eda sean confiables y asequibles para todos en la comunidad. Ofrecemos servicio residencial y comercial 24\/7.<br><br> \n\nNuestra empresa entiende que los tiempos son dif\u00edciles, por eso trabajaremos con usted para encontrar algo que se ajuste a sus necesidades y presupuesto. Ofrecemos servicios para l\u00edneas de agua, alcantarillado y gas, instalaci\u00f3n y reparaci\u00f3n de calentadores de agua, tuber\u00edas congeladas, inodoros, trituradores, ablandadores de agua, calentadores de agua sin tanque y m\u00e1s.<br><br>\n\nEntendemos sus preocupaciones de salud y estamos tomando precauciones de COVID para servirle mejor.<br><br>\n\nGarantizamos su satisfacci\u00f3n y no nos iremos hasta que el trabajo est\u00e9 bien hecho. \u00a1MVP Plumbing LLC se enorgullece de la calidad del trabajo que brindamos, al tiempo que brindamos un excelente servicio al cliente!\t\t\t\t\t\t\t\t<\/div>\n\t\t\t\t<\/div>\n\t\t\t\t<div class=\"elementor-element elementor-element-7c103f3 elementor-align-center elementor-mobile-align-left elementor-widget elementor-widget-button\" data-id=\"7c103f3\" data-element_type=\"widget\" data-e-type=\"widget\" data-widget_type=\"button.default\">\n\t\t\t\t<div class=\"elementor-widget-container\">\n\t\t\t\t\t\t\t\t\t<div class=\"elementor-button-wrapper\">\n\t\t\t\t\t<a class=\"elementor-button elementor-button-link elementor-size-lg\" href=\"https:\/\/www.mvpplumbingjoplin.com\/es\/services\/\">\n\t\t\t\t\t\t<span class=\"elementor-button-content-wrapper\">\n\t\t\t\t\t\t\t\t\t<span class=\"elementor-button-text\">CONSULTA NUESTROS SERVICIOS<\/span>\n\t\t\t\t\t<\/span>\n\t\t\t\t\t<\/a>\n\t\t\t\t<\/div>\n\t\t\t\t\t\t\t\t<\/div>\n\t\t\t\t<\/div>\n\t\t\t\t\t<\/div>\n\t\t<\/div>\n\t\t\t\t<div class=\"elementor-column elementor-col-50 elementor-top-column elementor-element elementor-element-c1545f9\" data-id=\"c1545f9\" data-element_type=\"column\" data-e-type=\"column\" data-settings=\"{&quot;background_background&quot;:&quot;classic&quot;}\">\n\t\t\t<div class=\"elementor-widget-wrap elementor-element-populated\">\n\t\t\t\t\t\t<div class=\"elementor-element elementor-element-40ac584 elementor-widget elementor-widget-spacer\" data-id=\"40ac584\" data-element_type=\"widget\" data-e-type=\"widget\" data-widget_type=\"spacer.default\">\n\t\t\t\t<div class=\"elementor-widget-container\">\n\t\t\t\t\t\t\t<div class=\"elementor-spacer\">\n\t\t\t<div class=\"elementor-spacer-inner\"><\/div>\n\t\t<\/div>\n\t\t\t\t\t\t<\/div>\n\t\t\t\t<\/div>\n\t\t\t\t\t<\/div>\n\t\t<\/div>\n\t\t\t\t\t<\/div>\n\t\t<\/section>\n\t\t\t\t<section class=\"elementor-section elementor-top-section elementor-element elementor-element-b6c05f5 elementor-section-full_width elementor-section-height-default elementor-section-height-default\" data-id=\"b6c05f5\" data-element_type=\"section\" data-e-type=\"section\" data-settings=\"{&quot;background_background&quot;:&quot;classic&quot;}\">\n\t\t\t\t\t\t<div class=\"elementor-container elementor-column-gap-default\">\n\t\t\t\t\t<div class=\"elementor-column elementor-col-25 elementor-top-column elementor-element elementor-element-467b14d\" data-id=\"467b14d\" data-element_type=\"column\" data-e-type=\"column\">\n\t\t\t<div class=\"elementor-widget-wrap elementor-element-populated\">\n\t\t\t\t\t\t<div class=\"elementor-element elementor-element-9b65e42 elementor-view-framed elementor-shape-circle elementor-widget elementor-widget-icon\" data-id=\"9b65e42\" data-element_type=\"widget\" data-e-type=\"widget\" data-widget_type=\"icon.default\">\n\t\t\t\t<div class=\"elementor-widget-container\">\n\t\t\t\t\t\t\t<div class=\"elementor-icon-wrapper\">\n\t\t\t<div class=\"elementor-icon\">\n\t\t\t<i aria-hidden=\"true\" class=\"fas fa-comments\"><\/i>\t\t\t<\/div>\n\t\t<\/div>\n\t\t\t\t\t\t<\/div>\n\t\t\t\t<\/div>\n\t\t\t\t<div class=\"elementor-element elementor-element-9a5396c elementor-widget elementor-widget-heading\" data-id=\"9a5396c\" data-element_type=\"widget\" data-e-type=\"widget\" data-widget_type=\"heading.default\">\n\t\t\t\t<div class=\"elementor-widget-container\">\n\t\t\t\t\t<h3 class=\"elementor-heading-title elementor-size-default\">Se habla espa\u00f1ol<\/h3>\t\t\t\t<\/div>\n\t\t\t\t<\/div>\n\t\t\t\t\t<\/div>\n\t\t<\/div>\n\t\t\t\t<div class=\"elementor-column elementor-col-25 elementor-top-column elementor-element elementor-element-b6fec47\" data-id=\"b6fec47\" data-element_type=\"column\" data-e-type=\"column\">\n\t\t\t<div class=\"elementor-widget-wrap elementor-element-populated\">\n\t\t\t\t\t\t<div class=\"elementor-element elementor-element-6a3f323 elementor-widget elementor-widget-image\" data-id=\"6a3f323\" data-element_type=\"widget\" data-e-type=\"widget\" data-widget_type=\"image.default\">\n\t\t\t\t<div class=\"elementor-widget-container\">\n\t\t\t\t\t\t\t\t\t\t\t\t\t\t\t<img fetchpriority=\"high\" decoding=\"async\" width=\"800\" height=\"800\" src=\"https:\/\/cdn.webnamesandnumbers.com\/wp-content\/uploads\/sites\/100\/2023\/02\/27191955\/24-HOURS-1024x1024.png\" class=\"attachment-large size-large wp-image-23\" alt=\"24-hour emergency plumbing service\" srcset=\"https:\/\/cdn.webnamesandnumbers.com\/wp-content\/uploads\/sites\/100\/2023\/02\/27191955\/24-HOURS-1024x1024.png 1024w, https:\/\/cdn.webnamesandnumbers.com\/wp-content\/uploads\/sites\/100\/2023\/02\/27191955\/24-HOURS-300x300.png 300w, https:\/\/cdn.webnamesandnumbers.com\/wp-content\/uploads\/sites\/100\/2023\/02\/27191955\/24-HOURS-150x150.png 150w, https:\/\/cdn.webnamesandnumbers.com\/wp-content\/uploads\/sites\/100\/2023\/02\/27191955\/24-HOURS-768x768.png 768w, https:\/\/cdn.webnamesandnumbers.com\/wp-content\/uploads\/sites\/100\/2023\/02\/27191955\/24-HOURS-1536x1536.png 1536w, https:\/\/cdn.webnamesandnumbers.com\/wp-content\/uploads\/sites\/100\/2023\/02\/27191955\/24-HOURS.png 2000w\" sizes=\"(max-width: 800px) 100vw, 800px\" \/>\t\t\t\t\t\t\t\t\t\t\t\t\t\t\t<\/div>\n\t\t\t\t<\/div>\n\t\t\t\t<div class=\"elementor-element elementor-element-c502d68 elementor-widget elementor-widget-heading\" data-id=\"c502d68\" data-element_type=\"widget\" data-e-type=\"widget\" data-widget_type=\"heading.default\">\n\t\t\t\t<div class=\"elementor-widget-container\">\n\t\t\t\t\t<h4 class=\"elementor-heading-title elementor-size-default\">Servicio 24\/7 disponible<\/h4>\t\t\t\t<\/div>\n\t\t\t\t<\/div>\n\t\t\t\t\t<\/div>\n\t\t<\/div>\n\t\t\t\t<div class=\"elementor-column elementor-col-25 elementor-top-column elementor-element elementor-element-8363ab2\" data-id=\"8363ab2\" data-element_type=\"column\" data-e-type=\"column\">\n\t\t\t<div class=\"elementor-widget-wrap elementor-element-populated\">\n\t\t\t\t\t\t<div class=\"elementor-element elementor-element-d2e68c2 elementor-view-framed elementor-shape-circle elementor-widget elementor-widget-icon\" data-id=\"d2e68c2\" data-element_type=\"widget\" data-e-type=\"widget\" data-widget_type=\"icon.default\">\n\t\t\t\t<div class=\"elementor-widget-container\">\n\t\t\t\t\t\t\t<div class=\"elementor-icon-wrapper\">\n\t\t\t<div class=\"elementor-icon\">\n\t\t\t<i aria-hidden=\"true\" class=\"fas fa-heartbeat\"><\/i>\t\t\t<\/div>\n\t\t<\/div>\n\t\t\t\t\t\t<\/div>\n\t\t\t\t<\/div>\n\t\t\t\t<div class=\"elementor-element elementor-element-0f94d2d elementor-widget elementor-widget-heading\" data-id=\"0f94d2d\" data-element_type=\"widget\" data-e-type=\"widget\" data-widget_type=\"heading.default\">\n\t\t\t\t<div class=\"elementor-widget-container\">\n\t\t\t\t\t<h4 class=\"elementor-heading-title elementor-size-default\">Precauciones COVID<\/h4>\t\t\t\t<\/div>\n\t\t\t\t<\/div>\n\t\t\t\t\t<\/div>\n\t\t<\/div>\n\t\t\t\t<div class=\"elementor-column elementor-col-25 elementor-top-column elementor-element elementor-element-dd9134b\" data-id=\"dd9134b\" data-element_type=\"column\" data-e-type=\"column\">\n\t\t\t<div class=\"elementor-widget-wrap elementor-element-populated\">\n\t\t\t\t\t\t<div class=\"elementor-element elementor-element-64258f1 elementor-widget elementor-widget-image\" data-id=\"64258f1\" data-element_type=\"widget\" data-e-type=\"widget\" data-widget_type=\"image.default\">\n\t\t\t\t<div class=\"elementor-widget-container\">\n\t\t\t\t\t\t\t\t\t\t\t\t\t\t\t<img decoding=\"async\" width=\"400\" height=\"400\" src=\"https:\/\/cdn.webnamesandnumbers.com\/wp-content\/uploads\/sites\/100\/2023\/02\/28145629\/family.png\" class=\"attachment-large size-large wp-image-152\" alt=\"Family\" srcset=\"https:\/\/cdn.webnamesandnumbers.com\/wp-content\/uploads\/sites\/100\/2023\/02\/28145629\/family.png 400w, https:\/\/cdn.webnamesandnumbers.com\/wp-content\/uploads\/sites\/100\/2023\/02\/28145629\/family-300x300.png 300w, https:\/\/cdn.webnamesandnumbers.com\/wp-content\/uploads\/sites\/100\/2023\/02\/28145629\/family-150x150.png 150w\" sizes=\"(max-width: 400px) 100vw, 400px\" \/>\t\t\t\t\t\t\t\t\t\t\t\t\t\t\t<\/div>\n\t\t\t\t<\/div>\n\t\t\t\t<div class=\"elementor-element elementor-element-56ee2dd elementor-widget elementor-widget-heading\" data-id=\"56ee2dd\" data-element_type=\"widget\" data-e-type=\"widget\" data-widget_type=\"heading.default\">\n\t\t\t\t<div class=\"elementor-widget-container\">\n\t\t\t\t\t<h4 class=\"elementor-heading-title elementor-size-default\">Propiedad y operaci\u00f3n familiar<\/h4>\t\t\t\t<\/div>\n\t\t\t\t<\/div>\n\t\t\t\t\t<\/div>\n\t\t<\/div>\n\t\t\t\t\t<\/div>\n\t\t<\/section>\n\t\t\t\t<\/div>","protected":false},"excerpt":{"rendered":"<p>MASTER PLUMBER ABOUT US MVP Plumbing LLC of Joplin, MO, is a family owned, full service plumber. Our team can fully service your plumbing needs, no matter the size or scope of the issue. MVP Plumbing LLC makes our premier plumbing services reliable and affordable for everyone in the community. We offer 24\/7 residential and [&hellip;]<\/p>\n","protected":false},"author":7,"featured_media":0,"parent":0,"menu_order":0,"comment_status":"closed","ping_status":"closed","template":"elementor_header_footer","meta":{"footnotes":""},"class_list":["post-8","page","type-page","status-publish","hentry"],"yoast_head":"<!-- This site is optimized with the Yoast SEO plugin v27.3 - https:\/\/yoast.com\/product\/yoast-seo-wordpress\/ -->\n<title>About - MVP Plumbing LLC<\/title>\n<meta name=\"description\" content=\"MVP Plumbing LLC of Joplin, MO, is a family owned, full service master plumber. We are Licensed, Bonded &amp; Insured. 24\/7 Service Available!\" \/>\n<meta name=\"robots\" content=\"index, follow, max-snippet:-1, max-image-preview:large, max-video-preview:-1\" \/>\n<link rel=\"canonical\" href=\"https:\/\/www.mvpplumbingjoplin.com\/es\/about\/\" \/>\n<meta property=\"og:locale\" content=\"es_MX\" \/>\n<meta property=\"og:type\" content=\"article\" \/>\n<meta property=\"og:title\" content=\"About - MVP Plumbing LLC\" \/>\n<meta property=\"og:description\" content=\"MVP Plumbing LLC of Joplin, MO, is a family owned, full service master plumber. We are Licensed, Bonded &amp; Insured. 24\/7 Service Available!\" \/>\n<meta property=\"og:url\" content=\"https:\/\/www.mvpplumbingjoplin.com\/es\/about\/\" \/>\n<meta property=\"og:site_name\" content=\"MVP Plumbing LLC\" \/>\n<meta property=\"article:modified_time\" content=\"2023-02-28T20:51:09+00:00\" \/>\n<meta property=\"og:image\" content=\"https:\/\/mvpplumbingjoplin.webnamesandnumbers.com\/wp-content\/uploads\/sites\/100\/2023\/02\/24-HOURS-1024x1024.png\" \/>\n<meta name=\"twitter:card\" content=\"summary_large_image\" \/>\n<meta name=\"twitter:label1\" content=\"Tiempo de lectura\" \/>\n\t<meta name=\"twitter:data1\" content=\"2 minutos\" \/>\n<script type=\"application\/ld+json\" class=\"yoast-schema-graph\">{\"@context\":\"https:\\\/\\\/schema.org\",\"@graph\":[{\"@type\":\"WebPage\",\"@id\":\"https:\\\/\\\/www.mvpplumbingjoplin.com\\\/about\\\/\",\"url\":\"https:\\\/\\\/www.mvpplumbingjoplin.com\\\/about\\\/\",\"name\":\"About - MVP Plumbing LLC\",\"isPartOf\":{\"@id\":\"https:\\\/\\\/www.mvpplumbingjoplin.com\\\/#website\"},\"primaryImageOfPage\":{\"@id\":\"https:\\\/\\\/www.mvpplumbingjoplin.com\\\/about\\\/#primaryimage\"},\"image\":{\"@id\":\"https:\\\/\\\/www.mvpplumbingjoplin.com\\\/about\\\/#primaryimage\"},\"thumbnailUrl\":\"https:\\\/\\\/mvpplumbingjoplin.webnamesandnumbers.com\\\/wp-content\\\/uploads\\\/sites\\\/100\\\/2023\\\/02\\\/24-HOURS-1024x1024.png\",\"datePublished\":\"2023-02-27T17:58:58+00:00\",\"dateModified\":\"2023-02-28T20:51:09+00:00\",\"description\":\"MVP Plumbing LLC of Joplin, MO, is a family owned, full service master plumber. We are Licensed, Bonded & Insured. 24\\\/7 Service Available!\",\"breadcrumb\":{\"@id\":\"https:\\\/\\\/www.mvpplumbingjoplin.com\\\/about\\\/#breadcrumb\"},\"inLanguage\":\"es\",\"potentialAction\":[{\"@type\":\"ReadAction\",\"target\":[\"https:\\\/\\\/www.mvpplumbingjoplin.com\\\/about\\\/\"]}]},{\"@type\":\"ImageObject\",\"inLanguage\":\"es\",\"@id\":\"https:\\\/\\\/www.mvpplumbingjoplin.com\\\/about\\\/#primaryimage\",\"url\":\"https:\\\/\\\/mvpplumbingjoplin.webnamesandnumbers.com\\\/wp-content\\\/uploads\\\/sites\\\/100\\\/2023\\\/02\\\/24-HOURS-1024x1024.png\",\"contentUrl\":\"https:\\\/\\\/mvpplumbingjoplin.webnamesandnumbers.com\\\/wp-content\\\/uploads\\\/sites\\\/100\\\/2023\\\/02\\\/24-HOURS-1024x1024.png\"},{\"@type\":\"BreadcrumbList\",\"@id\":\"https:\\\/\\\/www.mvpplumbingjoplin.com\\\/about\\\/#breadcrumb\",\"itemListElement\":[{\"@type\":\"ListItem\",\"position\":1,\"name\":\"Home\",\"item\":\"https:\\\/\\\/www.mvpplumbingjoplin.com\\\/\"},{\"@type\":\"ListItem\",\"position\":2,\"name\":\"About\"}]},{\"@type\":\"WebSite\",\"@id\":\"https:\\\/\\\/www.mvpplumbingjoplin.com\\\/#website\",\"url\":\"https:\\\/\\\/www.mvpplumbingjoplin.com\\\/\",\"name\":\"MVP Plumbing LLC\",\"description\":\"Plumbing Services Where You Are The MVP!\",\"publisher\":{\"@id\":\"https:\\\/\\\/www.mvpplumbingjoplin.com\\\/#organization\"},\"potentialAction\":[{\"@type\":\"SearchAction\",\"target\":{\"@type\":\"EntryPoint\",\"urlTemplate\":\"https:\\\/\\\/www.mvpplumbingjoplin.com\\\/?s={search_term_string}\"},\"query-input\":{\"@type\":\"PropertyValueSpecification\",\"valueRequired\":true,\"valueName\":\"search_term_string\"}}],\"inLanguage\":\"es\"},{\"@type\":\"Organization\",\"@id\":\"https:\\\/\\\/www.mvpplumbingjoplin.com\\\/#organization\",\"name\":\"MVP Plumbing LLC\",\"url\":\"https:\\\/\\\/www.mvpplumbingjoplin.com\\\/\",\"logo\":{\"@type\":\"ImageObject\",\"inLanguage\":\"es\",\"@id\":\"https:\\\/\\\/www.mvpplumbingjoplin.com\\\/#\\\/schema\\\/logo\\\/image\\\/\",\"url\":\"https:\\\/\\\/cdn.webnamesandnumbers.com\\\/wp-content\\\/uploads\\\/sites\\\/100\\\/2023\\\/02\\\/27191957\\\/MVP-PLUMBING.png\",\"contentUrl\":\"https:\\\/\\\/cdn.webnamesandnumbers.com\\\/wp-content\\\/uploads\\\/sites\\\/100\\\/2023\\\/02\\\/27191957\\\/MVP-PLUMBING.png\",\"width\":1000,\"height\":748,\"caption\":\"MVP Plumbing LLC\"},\"image\":{\"@id\":\"https:\\\/\\\/www.mvpplumbingjoplin.com\\\/#\\\/schema\\\/logo\\\/image\\\/\"}}]}<\/script>\n<!-- \/ Yoast SEO plugin. -->","yoast_head_json":{"title":"Acerca de - MVP Plumbing LLC","description":"MVP Plumbing LLC de Joplin, MO, es una empresa familiar que ofrece servicios completos de plomer\u00eda. Contamos con licencia, fianza y seguro. \u00a1Servicio disponible las 24 horas, los 7 d\u00edas de la semana!","robots":{"index":"index","follow":"follow","max-snippet":"max-snippet:-1","max-image-preview":"max-image-preview:large","max-video-preview":"max-video-preview:-1"},"canonical":"https:\/\/www.mvpplumbingjoplin.com\/es\/about\/","og_locale":"es_MX","og_type":"article","og_title":"About - MVP Plumbing LLC","og_description":"MVP Plumbing LLC of Joplin, MO, is a family owned, full service master plumber. We are Licensed, Bonded & Insured. 24\/7 Service Available!","og_url":"https:\/\/www.mvpplumbingjoplin.com\/es\/about\/","og_site_name":"MVP Plumbing LLC","article_modified_time":"2023-02-28T20:51:09+00:00","og_image":[{"url":"https:\/\/mvpplumbingjoplin.webnamesandnumbers.com\/wp-content\/uploads\/sites\/100\/2023\/02\/24-HOURS-1024x1024.png","type":"","width":"","height":""}],"twitter_card":"summary_large_image","twitter_misc":{"Tiempo de lectura":"2 minutos"},"schema":{"@context":"https:\/\/schema.org","@graph":[{"@type":"WebPage","@id":"https:\/\/www.mvpplumbingjoplin.com\/about\/","url":"https:\/\/www.mvpplumbingjoplin.com\/about\/","name":"Acerca de - MVP Plumbing LLC","isPartOf":{"@id":"https:\/\/www.mvpplumbingjoplin.com\/#website"},"primaryImageOfPage":{"@id":"https:\/\/www.mvpplumbingjoplin.com\/about\/#primaryimage"},"image":{"@id":"https:\/\/www.mvpplumbingjoplin.com\/about\/#primaryimage"},"thumbnailUrl":"https:\/\/mvpplumbingjoplin.webnamesandnumbers.com\/wp-content\/uploads\/sites\/100\/2023\/02\/24-HOURS-1024x1024.png","datePublished":"2023-02-27T17:58:58+00:00","dateModified":"2023-02-28T20:51:09+00:00","description":"MVP Plumbing LLC de Joplin, MO, es una empresa familiar que ofrece servicios completos de plomer\u00eda. Contamos con licencia, fianza y seguro. \u00a1Servicio disponible las 24 horas, los 7 d\u00edas de la semana!","breadcrumb":{"@id":"https:\/\/www.mvpplumbingjoplin.com\/about\/#breadcrumb"},"inLanguage":"es","potentialAction":[{"@type":"ReadAction","target":["https:\/\/www.mvpplumbingjoplin.com\/about\/"]}]},{"@type":"ImageObject","inLanguage":"es","@id":"https:\/\/www.mvpplumbingjoplin.com\/about\/#primaryimage","url":"https:\/\/mvpplumbingjoplin.webnamesandnumbers.com\/wp-content\/uploads\/sites\/100\/2023\/02\/24-HOURS-1024x1024.png","contentUrl":"https:\/\/mvpplumbingjoplin.webnamesandnumbers.com\/wp-content\/uploads\/sites\/100\/2023\/02\/24-HOURS-1024x1024.png"},{"@type":"BreadcrumbList","@id":"https:\/\/www.mvpplumbingjoplin.com\/about\/#breadcrumb","itemListElement":[{"@type":"ListItem","position":1,"name":"Home","item":"https:\/\/www.mvpplumbingjoplin.com\/"},{"@type":"ListItem","position":2,"name":"About"}]},{"@type":"WebSite","@id":"https:\/\/www.mvpplumbingjoplin.com\/#website","url":"https:\/\/www.mvpplumbingjoplin.com\/","name":"MVP Plomer\u00eda LLC","description":"Servicios de Plomer\u00eda \u00a1Donde T\u00fa Eres el MVP!","publisher":{"@id":"https:\/\/www.mvpplumbingjoplin.com\/#organization"},"potentialAction":[{"@type":"SearchAction","target":{"@type":"EntryPoint","urlTemplate":"https:\/\/www.mvpplumbingjoplin.com\/?s={search_term_string}"},"query-input":{"@type":"PropertyValueSpecification","valueRequired":true,"valueName":"search_term_string"}}],"inLanguage":"es"},{"@type":"Organization","@id":"https:\/\/www.mvpplumbingjoplin.com\/#organization","name":"MVP Plomer\u00eda LLC","url":"https:\/\/www.mvpplumbingjoplin.com\/","logo":{"@type":"ImageObject","inLanguage":"es","@id":"https:\/\/www.mvpplumbingjoplin.com\/#\/schema\/logo\/image\/","url":"https:\/\/cdn.webnamesandnumbers.com\/wp-content\/uploads\/sites\/100\/2023\/02\/27191957\/MVP-PLUMBING.png","contentUrl":"https:\/\/cdn.webnamesandnumbers.com\/wp-content\/uploads\/sites\/100\/2023\/02\/27191957\/MVP-PLUMBING.png","width":1000,"height":748,"caption":"MVP Plumbing LLC"},"image":{"@id":"https:\/\/www.mvpplumbingjoplin.com\/#\/schema\/logo\/image\/"}}]}},"_links":{"self":[{"href":"https:\/\/www.mvpplumbingjoplin.com\/es\/wp-json\/wp\/v2\/pages\/8","targetHints":{"allow":["GET"]}}],"collection":[{"href":"https:\/\/www.mvpplumbingjoplin.com\/es\/wp-json\/wp\/v2\/pages"}],"about":[{"href":"https:\/\/www.mvpplumbingjoplin.com\/es\/wp-json\/wp\/v2\/types\/page"}],"author":[{"embeddable":true,"href":"https:\/\/www.mvpplumbingjoplin.com\/es\/wp-json\/wp\/v2\/users\/7"}],"replies":[{"embeddable":true,"href":"https:\/\/www.mvpplumbingjoplin.com\/es\/wp-json\/wp\/v2\/comments?post=8"}],"version-history":[{"count":17,"href":"https:\/\/www.mvpplumbingjoplin.com\/es\/wp-json\/wp\/v2\/pages\/8\/revisions"}],"predecessor-version":[{"id":304,"href":"https:\/\/www.mvpplumbingjoplin.com\/es\/wp-json\/wp\/v2\/pages\/8\/revisions\/304"}],"wp:attachment":[{"href":"https:\/\/www.mvpplumbingjoplin.com\/es\/wp-json\/wp\/v2\/media?parent=8"}],"curies":[{"name":"gracias","href":"https:\/\/api.w.org\/{rel}","templated":true}]}}